{"id":101,"date":"2025-11-27T15:59:41","date_gmt":"2025-11-27T15:59:41","guid":{"rendered":"https:\/\/aikijujutsu.es\/?page_id=101"},"modified":"2025-11-27T15:59:41","modified_gmt":"2025-11-27T15:59:41","slug":"aikido-vs-aikijujutsu","status":"publish","type":"page","link":"https:\/\/aikijujutsu.es\/index.php\/aikido-vs-aikijujutsu\/","title":{"rendered":"Aikido vs. Aikijujutsu"},"content":{"rendered":"<p>[et_pb_section fb_built=\u00bb1&#8243; admin_label=\u00bbHero\u00bb _builder_version=\u00bb4.27.4&#8243; _module_preset=\u00bbdefault\u00bb use_background_color_gradient=\u00bbon\u00bb background_color_gradient_direction=\u00bb148deg\u00bb background_color_gradient_stops=\u00bb#ffffff 50%|rgba(255,255,255,0.85) 75%|rgba(255,255,255,0.36) 100%\u00bb background_color_gradient_overlays_image=\u00bbon\u00bb background_color_gradient_start=\u00bbrgba(0,0,0,0.5)\u00bb background_color_gradient_end=\u00bbrgba(0,0,0,0.75)\u00bb background_image=\u00bbhttps:\/\/aikijujutsu.es\/wp-content\/uploads\/2025\/10\/samurai-banner.jpg\u00bb custom_padding=\u00bb||||false|false\u00bb locked=\u00bboff\u00bb collapsed=\u00bbon\u00bb global_colors_info=\u00bb{}\u00bb theme_builder_area=\u00bbpost_content\u00bb][et_pb_row column_structure=\u00bb1_2,1_2&#8243; _builder_version=\u00bb4.24.2&#8243; _module_preset=\u00bb5138c454-be54-4233-bd3b-f8e6a8747976&#8243; locked=\u00bboff\u00bb global_colors_info=\u00bb{}\u00bb theme_builder_area=\u00bbpost_content\u00bb][et_pb_column type=\u00bb1_2&#8243; _builder_version=\u00bb4.23.1&#8243; _module_preset=\u00bb73121f80-a3ef-4484-8763-c3f18e3c56d2&#8243; global_colors_info=\u00bb{}\u00bb theme_builder_area=\u00bbpost_content\u00bb][et_pb_heading title=\u00bbDescubre el Aikij\u016bjutsu en Espa\u00f1a\u00bb _builder_version=\u00bb4.24.2&#8243; _module_preset=\u00bbf0c675ea-2574-4d0e-b725-30f8550a8550&#8243; title_text_color=\u00bbgcid-primary-color\u00bb locked=\u00bboff\u00bb global_colors_info=\u00bb{%22gcid-primary-color%22:%91%22title_text_color%22%93}\u00bb theme_builder_area=\u00bbpost_content\u00bb][\/et_pb_heading][et_pb_heading title=\u00bbAikido vs. Aikijujutsu: El Motor del Movimiento\u00bb _builder_version=\u00bb4.24.2&#8243; _module_preset=\u00bbddeb8c09-9078-4424-bc15-2efb6572e28e\u00bb locked=\u00bboff\u00bb global_colors_info=\u00bb{}\u00bb theme_builder_area=\u00bbpost_content\u00bb][\/et_pb_heading][et_pb_text _builder_version=\u00bb4.24.2&#8243; _module_preset=\u00bb2c55a9c4-feed-423b-9edb-ae0b5b365cac\u00bb locked=\u00bboff\u00bb global_colors_info=\u00bb{}\u00bb theme_builder_area=\u00bbpost_content\u00bb]<\/p>\n<p data-pm-slice=\"1 1 []\">El Aikijujutsu y el Aikido moderno, aunque comparten un ancestro com\u00fan \u2014el Daito Ryu de Takeda Sokaku\u2014, difieren fundamentalmente en su prop\u00f3sito, su mec\u00e1nica de poder y su filosof\u00eda. Esta secci\u00f3n est\u00e1 dedicada a desmantelar el mito de que el Aikijujutsu es solo una versi\u00f3n \u00abm\u00e1s dura\u00bb del Aikido, y a explicar por qu\u00e9 el concepto de <em>Aiki<\/em> es el elemento que separa un arte de combate tradicional y sutil de una disciplina moderna enfocada en el desarrollo personal.<\/p>\n<p>&nbsp;<\/p>\n<p>[\/et_pb_text][\/et_pb_column][et_pb_column type=\u00bb1_2&#8243; _builder_version=\u00bb4.23.1&#8243; _module_preset=\u00bb73121f80-a3ef-4484-8763-c3f18e3c56d2&#8243; global_colors_info=\u00bb{}\u00bb theme_builder_area=\u00bbpost_content\u00bb][\/et_pb_column][\/et_pb_row][\/et_pb_section][et_pb_section fb_built=\u00bb1&#8243; admin_label=\u00bbAbout\u00bb _builder_version=\u00bb4.25.1&#8243; _module_preset=\u00bbdefault\u00bb locked=\u00bboff\u00bb collapsed=\u00bbon\u00bb global_colors_info=\u00bb{}\u00bb theme_builder_area=\u00bbpost_content\u00bb][et_pb_row _builder_version=\u00bb4.25.1&#8243; _module_preset=\u00bbdefault\u00bb global_colors_info=\u00bb{}\u00bb theme_builder_area=\u00bbpost_content\u00bb][et_pb_column type=\u00bb4_4&#8243; _builder_version=\u00bb4.25.1&#8243; _module_preset=\u00bbdefault\u00bb global_colors_info=\u00bb{}\u00bb theme_builder_area=\u00bbpost_content\u00bb][et_pb_heading title=\u00bbLa Divergencia Hist\u00f3rica\u00bb _builder_version=\u00bb4.25.1&#8243; _module_preset=\u00bbc33f07d9-41e0-421a-8799-5799df695cce\u00bb title_text_align=\u00bbcenter\u00bb global_colors_info=\u00bb{}\u00bb theme_builder_area=\u00bbpost_content\u00bb][\/et_pb_heading][\/et_pb_column][\/et_pb_row][et_pb_row _builder_version=\u00bb4.25.1&#8243; _module_preset=\u00bbdefault\u00bb global_colors_info=\u00bb{}\u00bb theme_builder_area=\u00bbpost_content\u00bb][et_pb_column type=\u00bb4_4&#8243; _builder_version=\u00bb4.25.1&#8243; _module_preset=\u00bbdefault\u00bb global_colors_info=\u00bb{}\u00bb theme_builder_area=\u00bbpost_content\u00bb][et_pb_text _builder_version=\u00bb4.25.1&#8243; _module_preset=\u00bb2c55a9c4-feed-423b-9edb-ae0b5b365cac\u00bb global_colors_info=\u00bb{}\u00bb theme_builder_area=\u00bbpost_content\u00bb]<\/p>\n<h3 data-pm-slice=\"1 3 []\">El Aikido de Ueshiba (Pre-guerra)<\/h3>\n<p>El fundador del Aikido, <strong>Morihei Ueshiba<\/strong> (1883-1969), fue uno de los alumnos m\u00e1s avanzados y de m\u00e1s alto rango de Takeda Sokaku. Durante su \u00e9poca temprana, Ueshiba ense\u00f1\u00f3 esencialmente la parte de Jujutsu del Daito Ryu, con un foco en la marcialidad.<\/p>\n<p>El arte que Ueshiba ense\u00f1\u00f3 inicialmente era, en la pr\u00e1ctica, <strong>Daito Ryu Jujutsu<\/strong>, el cual posteriormente llam\u00f3 <em>Aiki Budo<\/em> o <em>Ueshiba Ryu<\/em>.<\/p>\n<h3>El Aikido Moderno y el Enfoque Externo<\/h3>\n<p>A partir de la posguerra, el arte de Ueshiba evolucion\u00f3. Muchos estilos modernos de Aikido (incluyendo l\u00edneas como el Iwama Ryu\/Takemusu Aiki y gran parte del Aikikai) se basan en t\u00e9cnicas de Jujutsu del Daito Ryu, pero su mec\u00e1nica de poder se centra en el <strong>Kokyu Ryoku<\/strong>.<\/p>\n<p>El Kokyu Ryoku (poder de la respiraci\u00f3n) moderno a menudo se interpreta como una potencia externa generada por la extensi\u00f3n de los brazos, la rotaci\u00f3n de las caderas y una respiraci\u00f3n abdominal fuerte. Es el uso coordinado del m\u00fasculo y la estructura para chocar, empujar o proyectar al oponente.<\/p>\n<p>[\/et_pb_text][\/et_pb_column][\/et_pb_row][\/et_pb_section][et_pb_section fb_built=\u00bb1&#8243; admin_label=\u00bbAbout\u00bb _builder_version=\u00bb4.25.1&#8243; _module_preset=\u00bbdefault\u00bb locked=\u00bboff\u00bb collapsed=\u00bbon\u00bb global_colors_info=\u00bb{}\u00bb theme_builder_area=\u00bbpost_content\u00bb][et_pb_row _builder_version=\u00bb4.25.1&#8243; _module_preset=\u00bbdefault\u00bb global_colors_info=\u00bb{}\u00bb theme_builder_area=\u00bbpost_content\u00bb][et_pb_column type=\u00bb4_4&#8243; _builder_version=\u00bb4.25.1&#8243; _module_preset=\u00bbdefault\u00bb global_colors_info=\u00bb{}\u00bb theme_builder_area=\u00bbpost_content\u00bb][et_pb_heading title=\u00bbLa Distinci\u00f3n Fundamental: Aiki como Poder Interno\u00bb _builder_version=\u00bb4.27.4&#8243; _module_preset=\u00bbc33f07d9-41e0-421a-8799-5799df695cce\u00bb title_text_align=\u00bbcenter\u00bb global_colors_info=\u00bb{}\u00bb theme_builder_area=\u00bbpost_content\u00bb][\/et_pb_heading][\/et_pb_column][\/et_pb_row][et_pb_row _builder_version=\u00bb4.25.1&#8243; _module_preset=\u00bbdefault\u00bb global_colors_info=\u00bb{}\u00bb theme_builder_area=\u00bbpost_content\u00bb][et_pb_column type=\u00bb4_4&#8243; _builder_version=\u00bb4.25.1&#8243; _module_preset=\u00bbdefault\u00bb global_colors_info=\u00bb{}\u00bb theme_builder_area=\u00bbpost_content\u00bb][et_pb_text _builder_version=\u00bb4.27.4&#8243; _module_preset=\u00bb2c55a9c4-feed-423b-9edb-ae0b5b365cac\u00bb global_colors_info=\u00bb{}\u00bb theme_builder_area=\u00bbpost_content\u00bb]<\/p>\n<p data-pm-slice=\"1 1 []\">La diferencia clave entre el Aikijujutsu tradicional y el Aikido moderno no est\u00e1 en la cantidad de golpes (<em>atemi<\/em>) que se usen, sino en la <strong>fuente del poder<\/strong> (chikara\/<em>ryoku<\/em>).<\/p>\n<h3>Aiki: La Fuerza Estructural y Neural<\/h3>\n<p>En el Aikijujutsu, el <strong>Aiki<\/strong> es una fuente de <strong>Poder Interno<\/strong>. Es la habilidad para unificar la estructura corporal (desde el suelo hasta el punto de contacto) y proyectar la intenci\u00f3n a trav\u00e9s de esa estructura, colapsando el <em>Ki<\/em> (energ\u00eda\/fuerza) del oponente.<\/p>\n<p><strong style=\"font-size: 16px;\">Las Caracter\u00edsticas del Aiki Genuino<\/strong> son:<\/p>\n<ul>\n<li><strong style=\"font-size: 16px;\">Invisibilidad:<\/strong><span style=\"font-size: 16px;\"> El movimiento es m\u00ednimo; el efecto es inmediato y absoluto.<\/span><\/li>\n<li><strong style=\"font-size: 16px;\">No Resistencia:<\/strong><span style=\"font-size: 16px;\"> No choca con la fuerza del oponente, sino que la anula o la redirige a su propio centro.<\/span><\/li>\n<li><strong style=\"font-size: 16px;\">Motor Interno:<\/strong><span style=\"font-size: 16px;\"> Se genera desde el centro de gravedad (el <\/span><em style=\"font-size: 16px;\">Tanden<\/em><span style=\"font-size: 16px;\">) y no desde la musculatura perif\u00e9rica.<\/span><\/li>\n<\/ul>\n<p><span style=\"font-size: 16px;\"><\/span><\/p>\n<h3>Kokyu Ryoku: El Motor Externo<\/h3>\n<p>Mientras que el Aikido moderno utiliza el <em>Kokyu Ryoku<\/em> para crear un vac\u00edo o un desequilibrio f\u00edsico mediante el movimiento, el Aikijujutsu utiliza el <strong>Aiki<\/strong> como un mecanismo sutil para desestructurar al oponente internamente.<\/p>\n<p>El verdadero <em>Kokyu Ryoku<\/em> forma parte del <em>Aiki<\/em> como motor interno, pero no se basa en la potencia muscular o la respiraci\u00f3n externa de choque. Es la respiraci\u00f3n que unifica la estructura, no la que empuja o explota.<\/p>\n<p>[\/et_pb_text][\/et_pb_column][\/et_pb_row][\/et_pb_section][et_pb_section fb_built=\u00bb1&#8243; admin_label=\u00bbAbout\u00bb _builder_version=\u00bb4.25.1&#8243; _module_preset=\u00bbdefault\u00bb locked=\u00bboff\u00bb collapsed=\u00bbon\u00bb global_colors_info=\u00bb{}\u00bb theme_builder_area=\u00bbpost_content\u00bb][et_pb_row _builder_version=\u00bb4.25.1&#8243; _module_preset=\u00bbdefault\u00bb global_colors_info=\u00bb{}\u00bb theme_builder_area=\u00bbpost_content\u00bb][et_pb_column type=\u00bb4_4&#8243; _builder_version=\u00bb4.25.1&#8243; _module_preset=\u00bbdefault\u00bb global_colors_info=\u00bb{}\u00bb theme_builder_area=\u00bbpost_content\u00bb][et_pb_heading title=\u00bbMitos a Descartar\u00bb _builder_version=\u00bb4.27.4&#8243; _module_preset=\u00bbc33f07d9-41e0-421a-8799-5799df695cce\u00bb title_text_align=\u00bbcenter\u00bb global_colors_info=\u00bb{}\u00bb theme_builder_area=\u00bbpost_content\u00bb][\/et_pb_heading][\/et_pb_column][\/et_pb_row][et_pb_row _builder_version=\u00bb4.25.1&#8243; _module_preset=\u00bbdefault\u00bb global_colors_info=\u00bb{}\u00bb theme_builder_area=\u00bbpost_content\u00bb][et_pb_column type=\u00bb4_4&#8243; _builder_version=\u00bb4.25.1&#8243; _module_preset=\u00bbdefault\u00bb global_colors_info=\u00bb{}\u00bb theme_builder_area=\u00bbpost_content\u00bb][et_pb_text _builder_version=\u00bb4.25.1&#8243; _module_preset=\u00bb2c55a9c4-feed-423b-9edb-ae0b5b365cac\u00bb global_colors_info=\u00bb{}\u00bb theme_builder_area=\u00bbpost_content\u00bb]<\/p>\n<p><strong>El Aikijujutsu NO es Aikido embrutecido:<\/strong> El nivel m\u00e1s alto de Aikijujutsu (<em>Aiki-no-jutsu<\/em>) es a menudo mucho m\u00e1s sutil y blando que cualquier t\u00e9cnica de Aikido moderno. Su efectividad radica en la anulaci\u00f3n sutil, no en la contundencia.<\/p>\n<p><strong>El Aikijujutsu NO es Aikido con llaves de Jujutsu:<\/strong> Aunque incluye un curr\u00edculo de Jujutsu, el factor <em>Aiki<\/em> es lo que lo define. Sin el principio de <em>Aiki<\/em>, son simplemente t\u00e9cnicas de Jujutsu o Taijutsu.<\/p>\n<p>[\/et_pb_text][\/et_pb_column][\/et_pb_row][\/et_pb_section]<\/p>\n","protected":false},"excerpt":{"rendered":"<p>El Aikijujutsu y el Aikido moderno, aunque comparten un ancestro com\u00fan \u2014el Daito Ryu de Takeda Sokaku\u2014, difieren fundamentalmente en su prop\u00f3sito, su mec\u00e1nica de poder y su filosof\u00eda. Esta secci\u00f3n est\u00e1 dedicada a desmantelar el mito de que el Aikijujutsu es solo una versi\u00f3n \u00abm\u00e1s dura\u00bb del Aikido, y a explicar por qu\u00e9 el [&hellip;]<\/p>\n","protected":false},"author":1,"featured_media":0,"parent":0,"menu_order":0,"comment_status":"closed","ping_status":"closed","template":"","meta":{"_et_pb_use_builder":"on","_et_pb_old_content":"","_et_gb_content_width":"","footnotes":""},"class_list":["post-101","page","type-page","status-publish","hentry"],"_links":{"self":[{"href":"https:\/\/aikijujutsu.es\/index.php\/wp-json\/wp\/v2\/pages\/101","targetHints":{"allow":["GET"]}}],"collection":[{"href":"https:\/\/aikijujutsu.es\/index.php\/wp-json\/wp\/v2\/pages"}],"about":[{"href":"https:\/\/aikijujutsu.es\/index.php\/wp-json\/wp\/v2\/types\/page"}],"author":[{"embeddable":true,"href":"https:\/\/aikijujutsu.es\/index.php\/wp-json\/wp\/v2\/users\/1"}],"replies":[{"embeddable":true,"href":"https:\/\/aikijujutsu.es\/index.php\/wp-json\/wp\/v2\/comments?post=101"}],"version-history":[{"count":2,"href":"https:\/\/aikijujutsu.es\/index.php\/wp-json\/wp\/v2\/pages\/101\/revisions"}],"predecessor-version":[{"id":105,"href":"https:\/\/aikijujutsu.es\/index.php\/wp-json\/wp\/v2\/pages\/101\/revisions\/105"}],"wp:attachment":[{"href":"https:\/\/aikijujutsu.es\/index.php\/wp-json\/wp\/v2\/media?parent=101"}],"curies":[{"name":"wp","href":"https:\/\/api.w.org\/{rel}","templated":true}]}}