{"id":106,"date":"2025-11-27T16:41:15","date_gmt":"2025-11-27T16:41:15","guid":{"rendered":"https:\/\/aikijujutsu.es\/?page_id=106"},"modified":"2025-11-27T18:51:30","modified_gmt":"2025-11-27T18:51:30","slug":"escuelas-legitimas-en-espana","status":"publish","type":"page","link":"https:\/\/aikijujutsu.es\/index.php\/escuelas-legitimas-en-espana\/","title":{"rendered":"Escuelas Leg\u00edtimas en Espa\u00f1a"},"content":{"rendered":"<p>[et_pb_section fb_built=\u00bb1&#8243; admin_label=\u00bbHero\u00bb _builder_version=\u00bb4.27.4&#8243; _module_preset=\u00bbdefault\u00bb use_background_color_gradient=\u00bbon\u00bb background_color_gradient_direction=\u00bb148deg\u00bb background_color_gradient_stops=\u00bb#ffffff 50%|rgba(255,255,255,0.85) 75%|rgba(255,255,255,0.36) 100%\u00bb background_color_gradient_overlays_image=\u00bbon\u00bb background_color_gradient_start=\u00bbrgba(0,0,0,0.5)\u00bb background_color_gradient_end=\u00bbrgba(0,0,0,0.75)\u00bb background_image=\u00bbhttps:\/\/aikijujutsu.es\/wp-content\/uploads\/2025\/10\/samurai-banner.jpg\u00bb custom_padding=\u00bb||||false|false\u00bb locked=\u00bboff\u00bb collapsed=\u00bbon\u00bb global_colors_info=\u00bb{}\u00bb][et_pb_row column_structure=\u00bb1_2,1_2&#8243; _builder_version=\u00bb4.24.2&#8243; _module_preset=\u00bb5138c454-be54-4233-bd3b-f8e6a8747976&#8243; locked=\u00bboff\u00bb global_colors_info=\u00bb{}\u00bb][et_pb_column type=\u00bb1_2&#8243; _builder_version=\u00bb4.23.1&#8243; _module_preset=\u00bb73121f80-a3ef-4484-8763-c3f18e3c56d2&#8243; global_colors_info=\u00bb{}\u00bb][et_pb_heading title=\u00bbDescubre el Aikij\u016bjutsu en Espa\u00f1a\u00bb _builder_version=\u00bb4.24.2&#8243; _module_preset=\u00bbf0c675ea-2574-4d0e-b725-30f8550a8550&#8243; title_text_color=\u00bbgcid-primary-color\u00bb locked=\u00bboff\u00bb global_colors_info=\u00bb{%22gcid-primary-color%22:%91%22title_text_color%22%93}\u00bb][\/et_pb_heading][et_pb_heading title=\u00bbEscuelas Leg\u00edtimas en Espa\u00f1a\u00bb _builder_version=\u00bb4.24.2&#8243; _module_preset=\u00bbddeb8c09-9078-4424-bc15-2efb6572e28e\u00bb locked=\u00bboff\u00bb global_colors_info=\u00bb{}\u00bb][\/et_pb_heading][et_pb_text _builder_version=\u00bb4.24.2&#8243; _module_preset=\u00bb2c55a9c4-feed-423b-9edb-ae0b5b365cac\u00bb locked=\u00bboff\u00bb global_colors_info=\u00bb{}\u00bb]<\/p>\n<p data-start=\"352\" data-end=\"847\">El rigor en la pr\u00e1ctica del budo tradicional exige transparencia total en la ascendencia del arte. El Aikijujutsu, definido por su linaje hist\u00f3rico, principalmente Daito Ryu y Yanagi Ryu, requiere que cualquier organizaci\u00f3n que se presente como leg\u00edtima pueda demostrar de manera clara y documentada su conexi\u00f3n con las fuentes japonesas.<\/p>\n<p data-start=\"352\" data-end=\"847\">Este directorio se centra en la fidelidad hist\u00f3rica y la trazabilidad de las ense\u00f1anzas, ofreciendo un panorama honesto de las escuelas presentes en Espa\u00f1a.<\/p>\n<p>[\/et_pb_text][\/et_pb_column][et_pb_column type=\u00bb1_2&#8243; _builder_version=\u00bb4.23.1&#8243; _module_preset=\u00bb73121f80-a3ef-4484-8763-c3f18e3c56d2&#8243; global_colors_info=\u00bb{}\u00bb][\/et_pb_column][\/et_pb_row][\/et_pb_section][et_pb_section fb_built=\u00bb1&#8243; admin_label=\u00bbAbout\u00bb _builder_version=\u00bb4.25.1&#8243; _module_preset=\u00bbdefault\u00bb locked=\u00bboff\u00bb collapsed=\u00bbon\u00bb global_colors_info=\u00bb{}\u00bb][et_pb_row _builder_version=\u00bb4.25.1&#8243; _module_preset=\u00bbdefault\u00bb global_colors_info=\u00bb{}\u00bb][et_pb_column type=\u00bb4_4&#8243; _builder_version=\u00bb4.25.1&#8243; _module_preset=\u00bbdefault\u00bb global_colors_info=\u00bb{}\u00bb][et_pb_heading title=\u00bbEl panorama del Aikij\u016bjutsu en Espa\u00f1a\u00bb _builder_version=\u00bb4.25.1&#8243; _module_preset=\u00bbc33f07d9-41e0-421a-8799-5799df695cce\u00bb title_text_align=\u00bbcenter\u00bb global_colors_info=\u00bb{}\u00bb][\/et_pb_heading][\/et_pb_column][\/et_pb_row][et_pb_row _builder_version=\u00bb4.25.1&#8243; _module_preset=\u00bbdefault\u00bb global_colors_info=\u00bb{}\u00bb][et_pb_column type=\u00bb4_4&#8243; _builder_version=\u00bb4.25.1&#8243; _module_preset=\u00bbdefault\u00bb global_colors_info=\u00bb{}\u00bb][et_pb_text _builder_version=\u00bb4.25.1&#8243; _module_preset=\u00bb2c55a9c4-feed-423b-9edb-ae0b5b365cac\u00bb global_colors_info=\u00bb{}\u00bb]<\/p>\n<p data-start=\"970\" data-end=\"1397\">Desde los albores del siglo XX, cuando Daito Ryu Aikijujutsu se consolid\u00f3 en Jap\u00f3n como sistema de combate samurai gracias a Takeda Sokaku, este legado ha viajado, adapt\u00e1ndose y expandi\u00e9ndose. Hoy, en Espa\u00f1a conviven varias escuelas con linajes claros y verificables, as\u00ed como iniciativas recientes que buscan mantener viva la tradici\u00f3n. Este directorio presenta qui\u00e9n ense\u00f1a, d\u00f3nde y c\u00f3mo se conserva la autenticidad del arte.<\/p>\n<p>[\/et_pb_text][\/et_pb_column][\/et_pb_row][\/et_pb_section][et_pb_section fb_built=\u00bb1&#8243; admin_label=\u00bbAbout\u00bb _builder_version=\u00bb4.25.1&#8243; _module_preset=\u00bbdefault\u00bb locked=\u00bboff\u00bb collapsed=\u00bbon\u00bb global_colors_info=\u00bb{}\u00bb][et_pb_row _builder_version=\u00bb4.25.1&#8243; _module_preset=\u00bbdefault\u00bb global_colors_info=\u00bb{}\u00bb][et_pb_column type=\u00bb4_4&#8243; _builder_version=\u00bb4.25.1&#8243; _module_preset=\u00bbdefault\u00bb global_colors_info=\u00bb{}\u00bb][et_pb_heading title=\u00bbAikijujutsu Shindo Goshin Kai\u00bb _builder_version=\u00bb4.27.4&#8243; _module_preset=\u00bbc33f07d9-41e0-421a-8799-5799df695cce\u00bb title_text_align=\u00bbcenter\u00bb global_colors_info=\u00bb{}\u00bb][\/et_pb_heading][\/et_pb_column][\/et_pb_row][et_pb_row _builder_version=\u00bb4.25.1&#8243; _module_preset=\u00bbdefault\u00bb global_colors_info=\u00bb{}\u00bb][et_pb_column type=\u00bb4_4&#8243; _builder_version=\u00bb4.25.1&#8243; _module_preset=\u00bbdefault\u00bb global_colors_info=\u00bb{}\u00bb][et_pb_text _builder_version=\u00bb4.27.4&#8243; _module_preset=\u00bb2c55a9c4-feed-423b-9edb-ae0b5b365cac\u00bb hover_enabled=\u00bb0&#8243; global_colors_info=\u00bb{}\u00bb sticky_enabled=\u00bb0&#8243;]<\/p>\n<p data-start=\"876\" data-end=\"1255\">Shindo Goshin Kai es una de las referencias m\u00e1s s\u00f3lidas del Aikijujutsu en Espa\u00f1a. Su ense\u00f1anza combina Aikijujutsu, Jujutsu, armas tradicionales y defensa personal, ofreciendo un enfoque integral del Budo tradicional. La escuela se caracteriza por preservar la tradici\u00f3n y el rigor hist\u00f3rico, manteniendo la autenticidad de las t\u00e9cnicas y la filosof\u00eda marcial.<\/p>\n<p data-start=\"1257\" data-end=\"1527\"><strong data-start=\"1257\" data-end=\"1279\">Honbu Dojo:<\/strong> Figueres, Girona, Espa\u00f1a<\/p>\n<p data-start=\"1257\" data-end=\"1527\"><strong>Otros dojos asociados:<\/strong> Palam\u00f3s (Girona), Barcelona, Madrid, Valencia y presencia internacional en seminarios y colaboraciones con escuelas hermanas.<\/p>\n<p data-start=\"1257\" data-end=\"1527\"><strong>Contacto:<\/strong> <a data-start=\"1477\" data-end=\"1501\" href=\"mailto:info@shindogoshinkai.com\">info@shindogoshinkai.com<\/a><\/p>\n<p data-start=\"1529\" data-end=\"1812\"><strong data-start=\"1529\" data-end=\"1563\">Director t\u00e9cnico: <\/strong>Jos\u00e9 Miranda Mateo, fundador de la escuela y alumno directo de Alain Floquet, quien a su vez fue disc\u00edpulo de Minoru Mochizuki en <strong>Yoseikan<\/strong> Budo. Esta cadena asegura la transmisi\u00f3n directa de un linaje leg\u00edtimo y documentado.<\/p>\n<p data-start=\"1814\" data-end=\"1881\"><strong data-start=\"1814\" data-end=\"1827\">Sitio web: <\/strong><a data-start=\"1830\" data-end=\"1879\" href=\"http:\/\/shindogoshinkai.es\">www.shindogoshinkai.es<\/a><\/p>\n<p data-start=\"1814\" data-end=\"1881\"><strong data-start=\"1883\" data-end=\"1898\">Otros datos: <\/strong>La escuela organiza seminarios nacionales e internacionales y mantiene programas de formaci\u00f3n continua para instructores.<\/p>\n<p data-start=\"876\" data-end=\"1255\">[\/et_pb_text][\/et_pb_column][\/et_pb_row][\/et_pb_section][et_pb_section fb_built=\u00bb1&#8243; admin_label=\u00bbAbout\u00bb _builder_version=\u00bb4.25.1&#8243; _module_preset=\u00bbdefault\u00bb locked=\u00bboff\u00bb collapsed=\u00bbon\u00bb global_colors_info=\u00bb{}\u00bb][et_pb_row _builder_version=\u00bb4.25.1&#8243; _module_preset=\u00bbdefault\u00bb global_colors_info=\u00bb{}\u00bb][et_pb_column type=\u00bb4_4&#8243; _builder_version=\u00bb4.25.1&#8243; _module_preset=\u00bbdefault\u00bb global_colors_info=\u00bb{}\u00bb][et_pb_heading title=\u00bbAikijujutsu Kobukai\u00bb _builder_version=\u00bb4.27.4&#8243; _module_preset=\u00bbc33f07d9-41e0-421a-8799-5799df695cce\u00bb title_text_align=\u00bbcenter\u00bb global_colors_info=\u00bb{}\u00bb][\/et_pb_heading][\/et_pb_column][\/et_pb_row][et_pb_row _builder_version=\u00bb4.25.1&#8243; _module_preset=\u00bbdefault\u00bb global_colors_info=\u00bb{}\u00bb][et_pb_column type=\u00bb4_4&#8243; _builder_version=\u00bb4.25.1&#8243; _module_preset=\u00bbdefault\u00bb global_colors_info=\u00bb{}\u00bb][et_pb_text _builder_version=\u00bb4.27.4&#8243; _module_preset=\u00bb2c55a9c4-feed-423b-9edb-ae0b5b365cac\u00bb hover_enabled=\u00bb0&#8243; global_colors_info=\u00bb{}\u00bb sticky_enabled=\u00bb0&#8243;]<\/p>\n<p data-start=\"2053\" data-end=\"2349\">Kobukai es una escuela internacional con presencia consolidada en Espa\u00f1a. Combina t\u00e9cnicas de Aikijutsu tradicionales con metodolog\u00edas adaptadas a la ense\u00f1anza moderna en Europa. Su enfoque busca respetar la t\u00e9cnica hist\u00f3rica, garantizando continuidad y rigor en la transmisi\u00f3n.<\/p>\n<p data-start=\"2351\" data-end=\"2493\"><strong data-start=\"2351\" data-end=\"2373\">Shibu Dojo: <\/strong>Zaragoza, Espa\u00f1a<\/p>\n<p data-start=\"2351\" data-end=\"2493\"><strong>Contacto:<\/strong> <a data-start=\"2452\" data-end=\"2467\" href=\"mailto:mibaezesaiki@gmail.com\">mibaezesaiki@gmail.com<\/a><\/p>\n<p data-start=\"2495\" data-end=\"2778\"><strong data-start=\"2495\" data-end=\"2529\">Representante: <\/strong>Miguel \u00c1ngel Ib\u00e1\u00f1ez, alumno directo de Jan Janssens, quien estudi\u00f3 con Alain Floquet y se form\u00f3 en <strong>Yoseikan<\/strong> Budo siguiendo el linaje de Minoru Mochizuki. Su direcci\u00f3n asegura la fidelidad hist\u00f3rica y la consistencia t\u00e9cnica del Kobukai en Espa\u00f1a.<\/p>\n<p data-start=\"2780\" data-end=\"2829\"><strong data-start=\"2780\" data-end=\"2793\">Sitio web: <\/strong><a data-start=\"2796\" data-end=\"2827\" href=\"https:\/\/www.kobukai-international-budo.world\/\">www.kobukai-international-budo.world<\/a><\/p>\n<p data-start=\"2780\" data-end=\"2829\"><strong data-start=\"2831\" data-end=\"2846\">Otros datos: <\/strong>Se organizan seminarios y cursos en distintos puntos de Espa\u00f1a mediante dojos anfitriones, garantizando formaci\u00f3n continua y certificaciones dentro del linaje.<\/p>\n<p>[\/et_pb_text][\/et_pb_column][\/et_pb_row][\/et_pb_section][et_pb_section fb_built=\u00bb1&#8243; admin_label=\u00bbAbout\u00bb _builder_version=\u00bb4.25.1&#8243; _module_preset=\u00bbdefault\u00bb locked=\u00bboff\u00bb collapsed=\u00bbon\u00bb global_colors_info=\u00bb{}\u00bb][et_pb_row _builder_version=\u00bb4.25.1&#8243; _module_preset=\u00bbdefault\u00bb global_colors_info=\u00bb{}\u00bb][et_pb_column type=\u00bb4_4&#8243; _builder_version=\u00bb4.25.1&#8243; _module_preset=\u00bbdefault\u00bb global_colors_info=\u00bb{}\u00bb][et_pb_heading title=\u00bbDaito Ryu Senkenkai\u00bb _builder_version=\u00bb4.27.4&#8243; _module_preset=\u00bbc33f07d9-41e0-421a-8799-5799df695cce\u00bb title_text_align=\u00bbcenter\u00bb global_colors_info=\u00bb{}\u00bb][\/et_pb_heading][\/et_pb_column][\/et_pb_row][et_pb_row _builder_version=\u00bb4.25.1&#8243; _module_preset=\u00bbdefault\u00bb global_colors_info=\u00bb{}\u00bb][et_pb_column type=\u00bb4_4&#8243; _builder_version=\u00bb4.25.1&#8243; _module_preset=\u00bbdefault\u00bb global_colors_info=\u00bb{}\u00bb][et_pb_text _builder_version=\u00bb4.27.4&#8243; _module_preset=\u00bb2c55a9c4-feed-423b-9edb-ae0b5b365cac\u00bb custom_padding=\u00bb||0px|||\u00bb hover_enabled=\u00bb0&#8243; global_colors_info=\u00bb{}\u00bb sticky_enabled=\u00bb0&#8243;]<\/p>\n<p data-start=\"3039\" data-end=\"3365\">Daito Ryu Senkenkai representa una de las l\u00edneas m\u00e1s puras del Daito Ryu en Espa\u00f1a. La escuela ofrece entrenamiento profundo en t\u00e9cnicas cl\u00e1sicas de <strong>Daito Ryu<\/strong>, respetando la filosof\u00eda original y sin concesiones al <span>\u00ab<\/span><span>aiki comercial<\/span><span>\u00bb<\/span> o al espect\u00e1culo. Su enfoque es ideal para quienes buscan un koryu aut\u00e9ntico.<\/p>\n<p data-start=\"3367\" data-end=\"3541\"><strong data-start=\"3367\" data-end=\"3389\">Shibu Dojo: <\/strong>La escuela opera mediante una red de dojos anfitriones en diversas provincias espa\u00f1olas.<\/p>\n<p data-start=\"3543\" data-end=\"3721\"><strong data-start=\"3543\" data-end=\"3577\">Representante: <\/strong>Jos\u00e9 Alberto Hern\u00e1ndez, alumno directo de Araki Matsunori Sensei. Su direcci\u00f3n garantiza la transmisi\u00f3n fiel del Daito Ryu cl\u00e1sico en Espa\u00f1a.<\/p>\n<p data-start=\"3723\" data-end=\"3776\"><strong data-start=\"3723\" data-end=\"3736\">Sitio web: <\/strong><a data-start=\"3739\" data-end=\"3774\" href=\"https:\/\/www.facebook.com\/groups\/292663957417801\/\">Daitoryu Aikijujutsu Senkenkai \u5343\u986f\u4f1a(DAT) Espa\u00f1a<\/a><\/p>\n<p data-start=\"3723\" data-end=\"3776\"><strong data-start=\"3778\" data-end=\"3793\">Otros datos: <\/strong>La escuela organiza cursos regulares y seminarios en varias provincias, invitando ocasionalmente a maestros japoneses de alto rango para reforzar la conexi\u00f3n con la tradici\u00f3n.<\/p>\n<p>[\/et_pb_text][\/et_pb_column][\/et_pb_row][\/et_pb_section][et_pb_section fb_built=\u00bb1&#8243; admin_label=\u00bbAbout\u00bb _builder_version=\u00bb4.25.1&#8243; _module_preset=\u00bbdefault\u00bb locked=\u00bboff\u00bb collapsed=\u00bbon\u00bb global_colors_info=\u00bb{}\u00bb][et_pb_row _builder_version=\u00bb4.25.1&#8243; _module_preset=\u00bbdefault\u00bb global_colors_info=\u00bb{}\u00bb][et_pb_column type=\u00bb4_4&#8243; _builder_version=\u00bb4.25.1&#8243; _module_preset=\u00bbdefault\u00bb global_colors_info=\u00bb{}\u00bb][et_pb_heading title=\u00bbZuishin Ryu Hyoho\u00bb _builder_version=\u00bb4.27.4&#8243; _module_preset=\u00bbc33f07d9-41e0-421a-8799-5799df695cce\u00bb title_text_align=\u00bbcenter\u00bb global_colors_info=\u00bb{}\u00bb][\/et_pb_heading][\/et_pb_column][\/et_pb_row][et_pb_row _builder_version=\u00bb4.25.1&#8243; _module_preset=\u00bbdefault\u00bb global_colors_info=\u00bb{}\u00bb][et_pb_column type=\u00bb4_4&#8243; _builder_version=\u00bb4.25.1&#8243; _module_preset=\u00bbdefault\u00bb global_colors_info=\u00bb{}\u00bb][et_pb_text _builder_version=\u00bb4.27.4&#8243; _module_preset=\u00bb2c55a9c4-feed-423b-9edb-ae0b5b365cac\u00bb custom_padding=\u00bb||0px|||\u00bb hover_enabled=\u00bb0&#8243; global_colors_info=\u00bb{}\u00bb sticky_enabled=\u00bb0&#8243;]<\/p>\n<p data-start=\"3994\" data-end=\"4482\">Zuishin Ryu es fruto de la integraci\u00f3n de las ense\u00f1anzas que Alejandro Villanueva y S\u00e9rgio Miguel Andrade recibieron en <strong>Hakko Dento Ryu<\/strong> y <strong>Shidare Yanagi Ryu<\/strong>. Su pr\u00e1ctica incluye Aikijujutsu, defensa personal, armas tradicionales, shiatsu y ejercicios respiratorios, combinando eficacia marcial con bienestar f\u00edsico. La escuela representa un enfoque moderno plenamente ligado a la tradici\u00f3n hist\u00f3rica, integrando la riqueza de dos linajes en una pr\u00e1ctica coherente y documentada.<\/p>\n<p data-start=\"4484\" data-end=\"4590\"><strong data-start=\"4484\" data-end=\"4506\">Honbu Dojo: <\/strong>Zaragoza, Espa\u00f1a<\/p>\n<p data-start=\"4484\" data-end=\"4590\"><strong>Contacto:<\/strong> <a data-start=\"4545\" data-end=\"4564\" class=\"decorated-link cursor-pointer\" rel=\"noopener\">info@zuishinryu.com<\/a><\/p>\n<p data-start=\"4592\" data-end=\"5007\"><strong data-start=\"4592\" data-end=\"4626\">Representante en Espa\u00f1a: <\/strong>Alejandro Villanueva, Menkyo Shihan de Hakko Dento Ryu y alumno directo de Ryutaro Okai; adem\u00e1s, alumno directo de Jeremy Breazeale, actual soke de Shidare Yanagi Ryu.<\/p>\n<p data-start=\"4592\" data-end=\"5007\"><strong>Representante en Portugal:<\/strong> S\u00e9rgio Miguel Andrade, Menkyo Shihan de Hakko Dento Ryu y alumno directo de Ryutaro Okai, comparte la direcci\u00f3n t\u00e9cnica.<\/p>\n<p data-start=\"5009\" data-end=\"5066\"><strong data-start=\"5009\" data-end=\"5022\">Sitio web: <\/strong><a href=\"http:\/\/zuishinryu.com\">zuishinryu.com<\/a><\/p>\n<p data-start=\"5009\" data-end=\"5066\"><strong data-start=\"5068\" data-end=\"5083\">Otros datos: <\/strong>La escuela mantiene actividades regulares de seminarios y entrenamiento especializado en Zaragoza y Oporto, y colabora frecuentemente con grupos internacionales vinculados a Daito Ryu y Hakko Dento Ryu.<\/p>\n<p>[\/et_pb_text][\/et_pb_column][\/et_pb_row][\/et_pb_section][et_pb_section fb_built=\u00bb1&#8243; admin_label=\u00bbAbout\u00bb _builder_version=\u00bb4.25.1&#8243; _module_preset=\u00bbdefault\u00bb locked=\u00bboff\u00bb collapsed=\u00bbon\u00bb global_colors_info=\u00bb{}\u00bb][et_pb_row _builder_version=\u00bb4.25.1&#8243; _module_preset=\u00bbdefault\u00bb global_colors_info=\u00bb{}\u00bb][et_pb_column type=\u00bb4_4&#8243; _builder_version=\u00bb4.25.1&#8243; _module_preset=\u00bbdefault\u00bb global_colors_info=\u00bb{}\u00bb][et_pb_heading title=\u00bbConclusi\u00f3n: realismo y tradici\u00f3n\u00bb _builder_version=\u00bb4.27.4&#8243; _module_preset=\u00bbc33f07d9-41e0-421a-8799-5799df695cce\u00bb title_text_align=\u00bbcenter\u00bb global_colors_info=\u00bb{}\u00bb][\/et_pb_heading][\/et_pb_column][\/et_pb_row][et_pb_row _builder_version=\u00bb4.25.1&#8243; _module_preset=\u00bbdefault\u00bb global_colors_info=\u00bb{}\u00bb][et_pb_column type=\u00bb4_4&#8243; _builder_version=\u00bb4.25.1&#8243; _module_preset=\u00bbdefault\u00bb global_colors_info=\u00bb{}\u00bb][et_pb_text _builder_version=\u00bb4.25.1&#8243; _module_preset=\u00bb2c55a9c4-feed-423b-9edb-ae0b5b365cac\u00bb custom_padding=\u00bb||0px|||\u00bb global_colors_info=\u00bb{}\u00bb]<\/p>\n<p data-start=\"5323\" data-end=\"5613\">Espa\u00f1a cuenta hoy con varias puertas de entrada leg\u00edtimas al Aikijujutsu tradicional y al budo cl\u00e1sico japon\u00e9s. No es un panorama homog\u00e9neo, pero ofrece alternativas para distintos perfiles: desde el buscador del koryu puro hasta el practicante civil que desea defensa, tradici\u00f3n y salud.<\/p>\n<p data-start=\"5615\" data-end=\"5955\">Shindo Goshin Kai, Kobukai, Senkenkai y Zuishin Ryu son las referencias verificables, ofreciendo respeto por el linaje, rigor en la pr\u00e1ctica y conexi\u00f3n aut\u00e9ntica con la tradici\u00f3n japonesa. Estas escuelas representan la verdadera oportunidad de acercarse a un Aikijujutsu leg\u00edtimo en Espa\u00f1a, preservando la esencia y la continuidad del arte.<\/p>\n<p data-start=\"5895\" data-end=\"6042\">\n<p>[\/et_pb_text][\/et_pb_column][\/et_pb_row][\/et_pb_section]<\/p>\n","protected":false},"excerpt":{"rendered":"<p>El rigor en la pr\u00e1ctica del budo tradicional exige transparencia total en la ascendencia del arte. El Aikijujutsu, definido por su linaje hist\u00f3rico, principalmente Daito Ryu y Yanagi Ryu, requiere que cualquier organizaci\u00f3n que se presente como leg\u00edtima pueda demostrar de manera clara y documentada su conexi\u00f3n con las fuentes japonesas. Este directorio se centra [&hellip;]<\/p>\n","protected":false},"author":1,"featured_media":0,"parent":0,"menu_order":0,"comment_status":"closed","ping_status":"closed","template":"","meta":{"_et_pb_use_builder":"on","_et_pb_old_content":"","_et_gb_content_width":"","footnotes":""},"class_list":["post-106","page","type-page","status-publish","hentry"],"_links":{"self":[{"href":"https:\/\/aikijujutsu.es\/index.php\/wp-json\/wp\/v2\/pages\/106","targetHints":{"allow":["GET"]}}],"collection":[{"href":"https:\/\/aikijujutsu.es\/index.php\/wp-json\/wp\/v2\/pages"}],"about":[{"href":"https:\/\/aikijujutsu.es\/index.php\/wp-json\/wp\/v2\/types\/page"}],"author":[{"embeddable":true,"href":"https:\/\/aikijujutsu.es\/index.php\/wp-json\/wp\/v2\/users\/1"}],"replies":[{"embeddable":true,"href":"https:\/\/aikijujutsu.es\/index.php\/wp-json\/wp\/v2\/comments?post=106"}],"version-history":[{"count":11,"href":"https:\/\/aikijujutsu.es\/index.php\/wp-json\/wp\/v2\/pages\/106\/revisions"}],"predecessor-version":[{"id":148,"href":"https:\/\/aikijujutsu.es\/index.php\/wp-json\/wp\/v2\/pages\/106\/revisions\/148"}],"wp:attachment":[{"href":"https:\/\/aikijujutsu.es\/index.php\/wp-json\/wp\/v2\/media?parent=106"}],"curies":[{"name":"wp","href":"https:\/\/api.w.org\/{rel}","templated":true}]}}