{"id":123,"date":"2025-11-27T17:46:16","date_gmt":"2025-11-27T17:46:16","guid":{"rendered":"https:\/\/aikijujutsu.es\/?page_id=123"},"modified":"2025-12-04T12:18:43","modified_gmt":"2025-12-04T12:18:43","slug":"linajes","status":"publish","type":"page","link":"https:\/\/aikijujutsu.es\/index.php\/linajes\/","title":{"rendered":"Linajes"},"content":{"rendered":"<p>[et_pb_section fb_built=\u00bb1&#8243; admin_label=\u00bbHero\u00bb _builder_version=\u00bb4.27.4&#8243; _module_preset=\u00bbdefault\u00bb use_background_color_gradient=\u00bbon\u00bb background_color_gradient_direction=\u00bb148deg\u00bb background_color_gradient_stops=\u00bb#ffffff 50%|rgba(255,255,255,0.85) 75%|rgba(255,255,255,0.36) 100%\u00bb background_color_gradient_overlays_image=\u00bbon\u00bb background_color_gradient_start=\u00bbrgba(0,0,0,0.5)\u00bb background_color_gradient_end=\u00bbrgba(0,0,0,0.75)\u00bb background_image=\u00bbhttps:\/\/aikijujutsu.es\/wp-content\/uploads\/2025\/10\/samurai-banner.jpg\u00bb custom_padding=\u00bb||||false|false\u00bb locked=\u00bboff\u00bb collapsed=\u00bbon\u00bb global_colors_info=\u00bb{}\u00bb][et_pb_row column_structure=\u00bb1_2,1_2&#8243; _builder_version=\u00bb4.24.2&#8243; _module_preset=\u00bb5138c454-be54-4233-bd3b-f8e6a8747976&#8243; locked=\u00bboff\u00bb global_colors_info=\u00bb{}\u00bb][et_pb_column type=\u00bb1_2&#8243; _builder_version=\u00bb4.23.1&#8243; _module_preset=\u00bb73121f80-a3ef-4484-8763-c3f18e3c56d2&#8243; global_colors_info=\u00bb{}\u00bb][et_pb_heading title=\u00bbDescubre el Aikij\u016bjutsu en Espa\u00f1a\u00bb _builder_version=\u00bb4.24.2&#8243; _module_preset=\u00bbf0c675ea-2574-4d0e-b725-30f8550a8550&#8243; title_text_color=\u00bbgcid-primary-color\u00bb locked=\u00bboff\u00bb global_colors_info=\u00bb{%22gcid-primary-color%22:%91%22title_text_color%22%93}\u00bb][\/et_pb_heading][et_pb_heading title=\u00bbLinajes Globales de Aikijujutsu\u00bb _builder_version=\u00bb4.24.2&#8243; _module_preset=\u00bbddeb8c09-9078-4424-bc15-2efb6572e28e\u00bb locked=\u00bboff\u00bb global_colors_info=\u00bb{}\u00bb][\/et_pb_heading][et_pb_text _builder_version=\u00bb4.24.2&#8243; _module_preset=\u00bb2c55a9c4-feed-423b-9edb-ae0b5b365cac\u00bb locked=\u00bboff\u00bb global_colors_info=\u00bb{}\u00bb]<\/p>\n<p data-pm-slice=\"1 1 []\">El Daito Ryu Aikijujutsu es el arte marcial ancestral, hist\u00f3ricamente asociado al clan Takeda, que ha servido como la fuente t\u00e9cnica fundamental para el desarrollo de muchas escuelas modernas de Aiki, incluyendo el Aikido de Morihei Ueshiba.<\/p>\n<p data-pm-slice=\"1 1 []\">Tras la muerte de Takeda Sokaku, la escuela se fragment\u00f3 en m\u00faltiples ramas dirigidas por sus disc\u00edpulos de alto nivel, cada uno enfatizando diferentes aspectos del vasto curr\u00edculo del arte (Jujutsu, Aikijujutsu, Aiki-no-jutsu). Esta diversidad de enfoques es lo que da lugar a la proliferaci\u00f3n de distintos linajes a nivel mundial.<\/p>\n<p>[\/et_pb_text][\/et_pb_column][et_pb_column type=\u00bb1_2&#8243; _builder_version=\u00bb4.23.1&#8243; _module_preset=\u00bb73121f80-a3ef-4484-8763-c3f18e3c56d2&#8243; global_colors_info=\u00bb{}\u00bb][\/et_pb_column][\/et_pb_row][\/et_pb_section][et_pb_section fb_built=\u00bb1&#8243; admin_label=\u00bbAbout\u00bb _builder_version=\u00bb4.25.1&#8243; _module_preset=\u00bbdefault\u00bb locked=\u00bboff\u00bb collapsed=\u00bbon\u00bb global_colors_info=\u00bb{}\u00bb][et_pb_row _builder_version=\u00bb4.25.1&#8243; _module_preset=\u00bbdefault\u00bb global_colors_info=\u00bb{}\u00bb][et_pb_column type=\u00bb4_4&#8243; _builder_version=\u00bb4.25.1&#8243; _module_preset=\u00bbdefault\u00bb global_colors_info=\u00bb{}\u00bb][et_pb_heading title=\u00bbLinajes y Escuelas Globales de Aikijujutsu con Influencia Directa en Espa\u00f1a\u00bb _builder_version=\u00bb4.25.1&#8243; _module_preset=\u00bbc33f07d9-41e0-421a-8799-5799df695cce\u00bb title_text_align=\u00bbcenter\u00bb global_colors_info=\u00bb{}\u00bb][\/et_pb_heading][\/et_pb_column][\/et_pb_row][et_pb_row _builder_version=\u00bb4.25.1&#8243; _module_preset=\u00bbdefault\u00bb global_colors_info=\u00bb{}\u00bb][et_pb_column type=\u00bb4_4&#8243; _builder_version=\u00bb4.25.1&#8243; _module_preset=\u00bbdefault\u00bb global_colors_info=\u00bb{}\u00bb][et_pb_text _builder_version=\u00bb4.25.1&#8243; _module_preset=\u00bb2c55a9c4-feed-423b-9edb-ae0b5b365cac\u00bb global_colors_info=\u00bb{}\u00bb]<\/p>\n<p data-pm-slice=\"1 1 []\">Este documento tiene como objetivo catalogar y describir los linajes marciales internacionales de Aikijujutsu, que, aunque diversos en su enfoque t\u00e9cnico, mantienen una conexi\u00f3n hist\u00f3rica directa con el Daito Ryu Aikijujutsu de Takeda Sokaku. Los linajes aqu\u00ed presentados son especialmente relevantes por su relaci\u00f3n actual o pasada con las escuelas y grupos de pr\u00e1ctica que operan en Espa\u00f1a, sirviendo como fuentes cruciales para la certificaci\u00f3n, la fidelidad t\u00e9cnica (<em>koryu<\/em>) y la legitimidad de la transmisi\u00f3n marcial.<\/p>\n<p>[\/et_pb_text][\/et_pb_column][\/et_pb_row][\/et_pb_section][et_pb_section fb_built=\u00bb1&#8243; admin_label=\u00bbAbout\u00bb _builder_version=\u00bb4.25.1&#8243; _module_preset=\u00bbdefault\u00bb locked=\u00bboff\u00bb collapsed=\u00bbon\u00bb global_colors_info=\u00bb{}\u00bb][et_pb_row _builder_version=\u00bb4.25.1&#8243; _module_preset=\u00bbdefault\u00bb global_colors_info=\u00bb{}\u00bb][et_pb_column type=\u00bb4_4&#8243; _builder_version=\u00bb4.25.1&#8243; _module_preset=\u00bbdefault\u00bb global_colors_info=\u00bb{}\u00bb][et_pb_heading title=\u00bbDaito Ryu Mudenjuku\u00bb _builder_version=\u00bb4.27.4&#8243; _module_preset=\u00bbc33f07d9-41e0-421a-8799-5799df695cce\u00bb title_text_align=\u00bbcenter\u00bb global_colors_info=\u00bb{}\u00bb][\/et_pb_heading][\/et_pb_column][\/et_pb_row][et_pb_row _builder_version=\u00bb4.25.1&#8243; _module_preset=\u00bbdefault\u00bb global_colors_info=\u00bb{}\u00bb][et_pb_column type=\u00bb4_4&#8243; _builder_version=\u00bb4.25.1&#8243; _module_preset=\u00bbdefault\u00bb global_colors_info=\u00bb{}\u00bb][et_pb_text _builder_version=\u00bb4.27.4&#8243; _module_preset=\u00bb2c55a9c4-feed-423b-9edb-ae0b5b365cac\u00bb global_colors_info=\u00bb{}\u00bb]<\/p>\n<ul data-pm-slice=\"3 3 []\">\n<li>\n<p><strong>Fundador:<\/strong> Hiroo Iida.<\/p>\n<\/li>\n<li>\n<p><strong>Sede Central:<\/strong> Sapporo, Hokkaido, Jap\u00f3n.<\/p>\n<\/li>\n<li>\n<p><strong>Linaje Detallado:<\/strong> Hiroo Iida fue un <em>Shihan<\/em> de la Kodokai y estudi\u00f3 directamente con Horikawa Kodo. <strong>Mudenjuku<\/strong> se establece en 2001 como una l\u00ednea que busca preservar la esencia del Aiki de Horikawa.<\/p>\n<\/li>\n<li>\n<p><strong>Caracter\u00edsticas Principales:<\/strong> Centrado principalmente en el entrenamiento profundo de los principios de <em>Aiki No Jutsu<\/em> (el aspecto m\u00e1s sutil). Prioriza el uso de la postura natural (<em>Ritsu-Zen<\/em>) y la extensi\u00f3n suave desde el centro (<em>Aiki Age<\/em>) sobre la fuerza f\u00edsica.<\/p>\n<\/li>\n<\/ul>\n<p data-start=\"876\" data-end=\"1255\">\n<p>[\/et_pb_text][\/et_pb_column][\/et_pb_row][\/et_pb_section][et_pb_section fb_built=\u00bb1&#8243; admin_label=\u00bbAbout\u00bb _builder_version=\u00bb4.25.1&#8243; _module_preset=\u00bbdefault\u00bb locked=\u00bboff\u00bb collapsed=\u00bbon\u00bb global_colors_info=\u00bb{}\u00bb][et_pb_row _builder_version=\u00bb4.25.1&#8243; _module_preset=\u00bbdefault\u00bb global_colors_info=\u00bb{}\u00bb][et_pb_column type=\u00bb4_4&#8243; _builder_version=\u00bb4.25.1&#8243; _module_preset=\u00bbdefault\u00bb global_colors_info=\u00bb{}\u00bb][et_pb_heading title=\u00bbDaito Ryu Senkenkai\u00bb _builder_version=\u00bb4.27.4&#8243; _module_preset=\u00bbc33f07d9-41e0-421a-8799-5799df695cce\u00bb title_text_align=\u00bbcenter\u00bb global_colors_info=\u00bb{}\u00bb][\/et_pb_heading][\/et_pb_column][\/et_pb_row][et_pb_row _builder_version=\u00bb4.25.1&#8243; _module_preset=\u00bbdefault\u00bb global_colors_info=\u00bb{}\u00bb][et_pb_column type=\u00bb4_4&#8243; _builder_version=\u00bb4.25.1&#8243; _module_preset=\u00bbdefault\u00bb global_colors_info=\u00bb{}\u00bb][et_pb_text _builder_version=\u00bb4.27.4&#8243; _module_preset=\u00bb2c55a9c4-feed-423b-9edb-ae0b5b365cac\u00bb custom_padding=\u00bb||0px|||\u00bb global_colors_info=\u00bb{}\u00bb]<\/p>\n<ul data-pm-slice=\"3 3 []\">\n<li>\n<p><strong>Estatus Global:<\/strong> Representa un linaje que mantiene un estricto compromiso con la fidelidad a la tradici\u00f3n <em>Koryu<\/em> (escuela antigua).<\/p>\n<\/li>\n<li>\n<p><strong>Linaje Detallado:<\/strong> Conexi\u00f3n directa y regular con instructores del linaje japon\u00e9s leg\u00edtimo, buscando mantener la pureza t\u00e9cnica hist\u00f3rica del Daito Ryu.<\/p>\n<\/li>\n<li>\n<p><strong>Caracter\u00edsticas Principales:<\/strong> \u00c9nfasis en la pr\u00e1ctica rigurosa del <em>kata<\/em> (formas preestablecidas) y la adhesi\u00f3n al curr\u00edculo marcial completo del Daito Ryu, incluyendo las t\u00e9cnicas de <em>Jujutsu<\/em>, <em>Aikijujutsu<\/em> y trabajo con armas.<\/p>\n<\/li>\n<\/ul>\n<p>[\/et_pb_text][\/et_pb_column][\/et_pb_row][\/et_pb_section][et_pb_section fb_built=\u00bb1&#8243; admin_label=\u00bbAbout\u00bb _builder_version=\u00bb4.25.1&#8243; _module_preset=\u00bbdefault\u00bb locked=\u00bboff\u00bb collapsed=\u00bbon\u00bb global_colors_info=\u00bb{}\u00bb][et_pb_row _builder_version=\u00bb4.25.1&#8243; _module_preset=\u00bbdefault\u00bb global_colors_info=\u00bb{}\u00bb][et_pb_column type=\u00bb4_4&#8243; _builder_version=\u00bb4.25.1&#8243; _module_preset=\u00bbdefault\u00bb global_colors_info=\u00bb{}\u00bb][et_pb_heading title=\u00bbHakko Dento Ryu\u00bb _builder_version=\u00bb4.27.4&#8243; _module_preset=\u00bbc33f07d9-41e0-421a-8799-5799df695cce\u00bb title_text_align=\u00bbcenter\u00bb global_colors_info=\u00bb{}\u00bb][\/et_pb_heading][\/et_pb_column][\/et_pb_row][et_pb_row _builder_version=\u00bb4.25.1&#8243; _module_preset=\u00bbdefault\u00bb global_colors_info=\u00bb{}\u00bb][et_pb_column type=\u00bb4_4&#8243; _builder_version=\u00bb4.25.1&#8243; _module_preset=\u00bbdefault\u00bb global_colors_info=\u00bb{}\u00bb][et_pb_text _builder_version=\u00bb4.27.4&#8243; _module_preset=\u00bb2c55a9c4-feed-423b-9edb-ae0b5b365cac\u00bb global_colors_info=\u00bb{}\u00bb]<\/p>\n<ul data-pm-slice=\"3 1 []\">\n<li>\n<p><strong>Fundador:<\/strong> Yoshishige Okai.<\/p>\n<\/li>\n<li>\n<p><strong>Sede Central:<\/strong> Oporto, Portugal.<\/p>\n<\/li>\n<li>\n<p><strong>Linaje Detallado:<\/strong> El Hakko Ryu original fue fundado en 1941 por Ryuho Okuyama (1901\u20131987). <strong>Hakko Dento Ryu<\/strong> es una l\u00ednea de transmisi\u00f3n pura formalizada por Okai Yoshishige (Menkyo Kaiden Shihan Sandaikichu), enfocada en preservar las t\u00e9cnicas y principios fundamentales del shodai soke de Hakko Ryu.<\/p>\n<\/li>\n<li><strong>Direcci\u00f3n Actual:<\/strong> Ryutaro Okai (Nidai Soke).<\/li>\n<li>\n<p><strong>Caracter\u00edsticas Principales:<\/strong> Mantiene el \u00e9nfasis en la manipulaci\u00f3n precisa de los puntos de presi\u00f3n (<em>tsubo<\/em>) y los meridianos (<em>keiraku<\/em>) del oponente para neutralizar la agresi\u00f3n con m\u00ednimo esfuerzo. Incorpora la medicina oriental (<em>Koho Shiatsu Igaku<\/em>) como parte fundamental de su pr\u00e1ctica.<\/p>\n<\/li>\n<\/ul>\n<h2><\/h2>\n<p>[\/et_pb_text][\/et_pb_column][\/et_pb_row][\/et_pb_section][et_pb_section fb_built=\u00bb1&#8243; admin_label=\u00bbAbout\u00bb _builder_version=\u00bb4.25.1&#8243; _module_preset=\u00bbdefault\u00bb locked=\u00bboff\u00bb collapsed=\u00bbon\u00bb global_colors_info=\u00bb{}\u00bb][et_pb_row _builder_version=\u00bb4.25.1&#8243; _module_preset=\u00bbdefault\u00bb global_colors_info=\u00bb{}\u00bb][et_pb_column type=\u00bb4_4&#8243; _builder_version=\u00bb4.25.1&#8243; _module_preset=\u00bbdefault\u00bb global_colors_info=\u00bb{}\u00bb][et_pb_heading title=\u00bbShidare Yanagi Ryu\u00bb _builder_version=\u00bb4.27.4&#8243; _module_preset=\u00bbc33f07d9-41e0-421a-8799-5799df695cce\u00bb title_text_align=\u00bbcenter\u00bb global_colors_info=\u00bb{}\u00bb][\/et_pb_heading][\/et_pb_column][\/et_pb_row][et_pb_row _builder_version=\u00bb4.25.1&#8243; _module_preset=\u00bbdefault\u00bb global_colors_info=\u00bb{}\u00bb][et_pb_column type=\u00bb4_4&#8243; _builder_version=\u00bb4.25.1&#8243; _module_preset=\u00bbdefault\u00bb global_colors_info=\u00bb{}\u00bb][et_pb_text _builder_version=\u00bb4.27.4&#8243; _module_preset=\u00bb2c55a9c4-feed-423b-9edb-ae0b5b365cac\u00bb custom_padding=\u00bb||0px|||\u00bb global_colors_info=\u00bb{}\u00bb]<\/p>\n<ul data-pm-slice=\"3 3 []\">\n<li>\n<p><strong>Sede Central:<\/strong> Los \u00c1ngeles, California, EEUU.<\/p>\n<\/li>\n<li>\n<p><strong>Linaje\/Conexi\u00f3n:<\/strong> Rastrea su ascendencia hasta Kotaro Yoshida (Kyoju Dairi recibido de Sokaku Takeda) y fue formalizado en Occidente por Don Angier, hijo adoptivo de Kenji Yoshida (quien recibiera la escuela de su padre).<\/p>\n<\/li>\n<li><strong>Direcci\u00f3n Actual:<\/strong> Jeremy Breazeale (Soke).<\/li>\n<li>\n<p><strong>Caracter\u00edsticas Principales:<\/strong> Este sistema (<em>Aiki Bugei<\/em>) enfatiza la conexi\u00f3n con el linaje Yoshida y se centra en el estudio de los principios del Aiki aplicados a t\u00e9cnicas de combate cl\u00e1sicas, incluyendo trabajo con multitud de armas.<\/p>\n<\/li>\n<\/ul>\n<p>[\/et_pb_text][\/et_pb_column][\/et_pb_row][\/et_pb_section][et_pb_section fb_built=\u00bb1&#8243; admin_label=\u00bbAbout\u00bb _builder_version=\u00bb4.25.1&#8243; _module_preset=\u00bbdefault\u00bb locked=\u00bboff\u00bb collapsed=\u00bbon\u00bb global_colors_info=\u00bb{}\u00bb][et_pb_row _builder_version=\u00bb4.25.1&#8243; _module_preset=\u00bbdefault\u00bb global_colors_info=\u00bb{}\u00bb][et_pb_column type=\u00bb4_4&#8243; _builder_version=\u00bb4.25.1&#8243; _module_preset=\u00bbdefault\u00bb global_colors_info=\u00bb{}\u00bb][et_pb_heading title=\u00bbYoseikan Budo\u00bb _builder_version=\u00bb4.27.4&#8243; _module_preset=\u00bbc33f07d9-41e0-421a-8799-5799df695cce\u00bb title_text_align=\u00bbcenter\u00bb global_colors_info=\u00bb{}\u00bb][\/et_pb_heading][\/et_pb_column][\/et_pb_row][et_pb_row _builder_version=\u00bb4.25.1&#8243; _module_preset=\u00bbdefault\u00bb global_colors_info=\u00bb{}\u00bb][et_pb_column type=\u00bb4_4&#8243; _builder_version=\u00bb4.25.1&#8243; _module_preset=\u00bbdefault\u00bb global_colors_info=\u00bb{}\u00bb][et_pb_text _builder_version=\u00bb4.25.1&#8243; _module_preset=\u00bb2c55a9c4-feed-423b-9edb-ae0b5b365cac\u00bb custom_padding=\u00bb||0px|||\u00bb global_colors_info=\u00bb{}\u00bb]<\/p>\n<ul data-pm-slice=\"3 3 []\">\n<li>\n<p><strong>Fundador:<\/strong> Minoru Mochizuki (1907\u20132003).<\/p>\n<\/li>\n<li>\n<p><strong>Sede Central:<\/strong> Shizuoka, Jap\u00f3n (Antiguo Dojo Yoseikan, fundado en 1931).<\/p>\n<\/li>\n<li>\n<p><strong>Linaje Detallado:<\/strong> Mochizuki fue un estudiante clave tanto del fundador del Judo, Kano Jigoro, como del fundador del Aikido, Ueshiba Morihei. Recibi\u00f3 certificados de Daito Ryu Aikijujutsu (<em>Goshinyo no te<\/em> y <em>Hiden Ogi no Koto<\/em>) directamente de Ueshiba en 1932.<\/p>\n<\/li>\n<li>\n<p><strong>Caracter\u00edsticas Principales:<\/strong> Es un sistema de <em>Sogo Budo<\/em> (artes marciales integrales) que unifica m\u00faltiples disciplinas. Combina proyecciones y luxaciones del Daito Ryu y Judo con golpes de Karate, t\u00e9cnicas de armas y el concepto de movimiento ondulatorio, creando un enfoque marcial completo y adaptable.<\/p>\n<\/li>\n<\/ul>\n<p data-start=\"5895\" data-end=\"6042\">\n<p>[\/et_pb_text][\/et_pb_column][\/et_pb_row][\/et_pb_section]<\/p>\n","protected":false},"excerpt":{"rendered":"<p>El Daito Ryu Aikijujutsu es el arte marcial ancestral, hist\u00f3ricamente asociado al clan Takeda, que ha servido como la fuente t\u00e9cnica fundamental para el desarrollo de muchas escuelas modernas de Aiki, incluyendo el Aikido de Morihei Ueshiba. Tras la muerte de Takeda Sokaku, la escuela se fragment\u00f3 en m\u00faltiples ramas dirigidas por sus disc\u00edpulos de [&hellip;]<\/p>\n","protected":false},"author":1,"featured_media":0,"parent":0,"menu_order":0,"comment_status":"closed","ping_status":"closed","template":"","meta":{"_et_pb_use_builder":"on","_et_pb_old_content":"","_et_gb_content_width":"","footnotes":""},"class_list":["post-123","page","type-page","status-publish","hentry"],"_links":{"self":[{"href":"https:\/\/aikijujutsu.es\/index.php\/wp-json\/wp\/v2\/pages\/123","targetHints":{"allow":["GET"]}}],"collection":[{"href":"https:\/\/aikijujutsu.es\/index.php\/wp-json\/wp\/v2\/pages"}],"about":[{"href":"https:\/\/aikijujutsu.es\/index.php\/wp-json\/wp\/v2\/types\/page"}],"author":[{"embeddable":true,"href":"https:\/\/aikijujutsu.es\/index.php\/wp-json\/wp\/v2\/users\/1"}],"replies":[{"embeddable":true,"href":"https:\/\/aikijujutsu.es\/index.php\/wp-json\/wp\/v2\/comments?post=123"}],"version-history":[{"count":5,"href":"https:\/\/aikijujutsu.es\/index.php\/wp-json\/wp\/v2\/pages\/123\/revisions"}],"predecessor-version":[{"id":151,"href":"https:\/\/aikijujutsu.es\/index.php\/wp-json\/wp\/v2\/pages\/123\/revisions\/151"}],"wp:attachment":[{"href":"https:\/\/aikijujutsu.es\/index.php\/wp-json\/wp\/v2\/media?parent=123"}],"curies":[{"name":"wp","href":"https:\/\/api.w.org\/{rel}","templated":true}]}}