{"id":69,"date":"2025-11-27T12:37:10","date_gmt":"2025-11-27T12:37:10","guid":{"rendered":"https:\/\/aikijujutsu.es\/?page_id=69"},"modified":"2025-11-27T18:21:49","modified_gmt":"2025-11-27T18:21:49","slug":"definicion-y-linaje","status":"publish","type":"page","link":"https:\/\/aikijujutsu.es\/index.php\/definicion-y-linaje\/","title":{"rendered":"Definici\u00f3n y Linaje"},"content":{"rendered":"<p>[et_pb_section fb_built=\u00bb1&#8243; admin_label=\u00bbHero\u00bb _builder_version=\u00bb4.27.4&#8243; _module_preset=\u00bbdefault\u00bb use_background_color_gradient=\u00bbon\u00bb background_color_gradient_direction=\u00bb148deg\u00bb background_color_gradient_stops=\u00bb#ffffff 50%|rgba(255,255,255,0.85) 75%|rgba(255,255,255,0.36) 100%\u00bb background_color_gradient_overlays_image=\u00bbon\u00bb background_color_gradient_start=\u00bbrgba(0,0,0,0.5)\u00bb background_color_gradient_end=\u00bbrgba(0,0,0,0.75)\u00bb background_image=\u00bbhttps:\/\/aikijujutsu.es\/wp-content\/uploads\/2025\/10\/samurai-banner.jpg\u00bb custom_padding=\u00bb||||false|false\u00bb locked=\u00bboff\u00bb collapsed=\u00bbon\u00bb global_colors_info=\u00bb{}\u00bb][et_pb_row column_structure=\u00bb1_2,1_2&#8243; _builder_version=\u00bb4.24.2&#8243; _module_preset=\u00bb5138c454-be54-4233-bd3b-f8e6a8747976&#8243; locked=\u00bboff\u00bb global_colors_info=\u00bb{}\u00bb][et_pb_column type=\u00bb1_2&#8243; _builder_version=\u00bb4.23.1&#8243; _module_preset=\u00bb73121f80-a3ef-4484-8763-c3f18e3c56d2&#8243; global_colors_info=\u00bb{}\u00bb][et_pb_heading title=\u00bbDescubre el Aikij\u016bjutsu en Espa\u00f1a\u00bb _builder_version=\u00bb4.24.2&#8243; _module_preset=\u00bbf0c675ea-2574-4d0e-b725-30f8550a8550&#8243; title_text_color=\u00bbgcid-primary-color\u00bb locked=\u00bboff\u00bb global_colors_info=\u00bb{%22gcid-primary-color%22:%91%22title_text_color%22%93}\u00bb][\/et_pb_heading][et_pb_heading title=\u00bbDefinici\u00f3n y Linaje: La Verdad Hist\u00f3rica\u00bb _builder_version=\u00bb4.24.2&#8243; _module_preset=\u00bbddeb8c09-9078-4424-bc15-2efb6572e28e\u00bb locked=\u00bboff\u00bb global_colors_info=\u00bb{}\u00bb][\/et_pb_heading][et_pb_text _builder_version=\u00bb4.24.2&#8243; _module_preset=\u00bb2c55a9c4-feed-423b-9edb-ae0b5b365cac\u00bb locked=\u00bboff\u00bb global_colors_info=\u00bb{}\u00bb]<\/p>\n<p data-pm-slice=\"1 1 []\"><span style=\"font-size: 16px;\">El Aikijujutsu (\u5408\u6c17\u67d4\u8853) no es un arte marcial abierto a la libre interpretaci\u00f3n ni a la fusi\u00f3n de estilos modernos. Para quienes buscan la autenticidad, la historia y la genealog\u00eda de la escuela son inseparables de su t\u00e9cnica. Esta secci\u00f3n establece el criterio fundamental: el Aikijujutsu es, por definici\u00f3n, una <\/span><em style=\"font-size: 16px;\">Koryu Budo<\/em><span style=\"font-size: 16px;\"> (escuela antigua) cuyos linajes solo pueden rastrearse a trav\u00e9s de las ramas reconocidas del Daito Ryu y, en menor medida, del Yanagi Ryu. Este rigor es la \u00fanica garant\u00eda de que se est\u00e1 practicando el arte tal como fue transmitido.<\/span><\/p>\n<p>&nbsp;<\/p>\n<p>[\/et_pb_text][\/et_pb_column][et_pb_column type=\u00bb1_2&#8243; _builder_version=\u00bb4.23.1&#8243; _module_preset=\u00bb73121f80-a3ef-4484-8763-c3f18e3c56d2&#8243; global_colors_info=\u00bb{}\u00bb][\/et_pb_column][\/et_pb_row][\/et_pb_section][et_pb_section fb_built=\u00bb1&#8243; admin_label=\u00bbAbout\u00bb _builder_version=\u00bb4.25.1&#8243; _module_preset=\u00bbdefault\u00bb locked=\u00bboff\u00bb collapsed=\u00bbon\u00bb global_colors_info=\u00bb{}\u00bb][et_pb_row _builder_version=\u00bb4.25.1&#8243; _module_preset=\u00bbdefault\u00bb global_colors_info=\u00bb{}\u00bb][et_pb_column type=\u00bb4_4&#8243; _builder_version=\u00bb4.25.1&#8243; _module_preset=\u00bbdefault\u00bb global_colors_info=\u00bb{}\u00bb][et_pb_heading title=\u00bbEl Origen \u00danico: La Familia Takeda\u00bb _builder_version=\u00bb4.25.1&#8243; _module_preset=\u00bbc33f07d9-41e0-421a-8799-5799df695cce\u00bb title_text_align=\u00bbcenter\u00bb global_colors_info=\u00bb{}\u00bb][\/et_pb_heading][\/et_pb_column][\/et_pb_row][et_pb_row _builder_version=\u00bb4.25.1&#8243; _module_preset=\u00bbdefault\u00bb global_colors_info=\u00bb{}\u00bb][et_pb_column type=\u00bb4_4&#8243; _builder_version=\u00bb4.25.1&#8243; _module_preset=\u00bbdefault\u00bb global_colors_info=\u00bb{}\u00bb][et_pb_text _builder_version=\u00bb4.25.1&#8243; _module_preset=\u00bb2c55a9c4-feed-423b-9edb-ae0b5b365cac\u00bb global_colors_info=\u00bb{}\u00bb]<\/p>\n<p data-pm-slice=\"1 1 []\">Para comprender qu\u00e9 es el Aikijujutsu, primero se debe descartar lo que la cultura popular ha inventado sobre \u00e9l. No es un t\u00e9rmino gen\u00e9rico para \u00abjujutsu suave\u00bb ni para \u00abaikido antiguo\u00bb. Es el nombre propio de una tradici\u00f3n marcial espec\u00edfica restaurada y diseminada por un solo hombre a finales del siglo XIX: <strong>Takeda Sokaku<\/strong> (1859-1943).<\/p>\n<p>Hist\u00f3ricamente, el uso del t\u00e9rmino <em>Aikijujutsu<\/em> (\u5408\u6c17\u67d4\u8853) est\u00e1 restringido leg\u00edtimamente a las escuelas que descienden directamente de las ense\u00f1anzas de Takeda Sokaku. Fuera de este \u00e1rbol geneal\u00f3gico, el uso del t\u00e9rmino suele ser una apropiaci\u00f3n indebida.<\/p>\n<p>Existen \u00fanicamente dos troncos principales reconocidos que han empleado esta nomenclatura de manera tradicional y leg\u00edtima: <strong>Daito Ryu<\/strong> y <strong>Yanagi Ryu<\/strong>.<\/p>\n<p>[\/et_pb_text][\/et_pb_column][\/et_pb_row][\/et_pb_section][et_pb_section fb_built=\u00bb1&#8243; admin_label=\u00bbAbout\u00bb _builder_version=\u00bb4.25.1&#8243; _module_preset=\u00bbdefault\u00bb locked=\u00bboff\u00bb collapsed=\u00bbon\u00bb global_colors_info=\u00bb{}\u00bb][et_pb_row _builder_version=\u00bb4.25.1&#8243; _module_preset=\u00bbdefault\u00bb global_colors_info=\u00bb{}\u00bb][et_pb_column type=\u00bb4_4&#8243; _builder_version=\u00bb4.25.1&#8243; _module_preset=\u00bbdefault\u00bb global_colors_info=\u00bb{}\u00bb][et_pb_heading title=\u00bbDaito Ryu Aikijujutsu (\u5927\u6771\u6d41\u5408\u6c17\u67d4\u8853)\u00bb _builder_version=\u00bb4.27.4&#8243; _module_preset=\u00bbc33f07d9-41e0-421a-8799-5799df695cce\u00bb title_text_align=\u00bbcenter\u00bb global_colors_info=\u00bb{}\u00bb][\/et_pb_heading][\/et_pb_column][\/et_pb_row][et_pb_row column_structure=\u00bb2_5,3_5&#8243; _builder_version=\u00bb4.25.1&#8243; _module_preset=\u00bbdefault\u00bb global_colors_info=\u00bb{}\u00bb][et_pb_column type=\u00bb2_5&#8243; _builder_version=\u00bb4.25.1&#8243; _module_preset=\u00bbdefault\u00bb global_colors_info=\u00bb{}\u00bb][et_pb_image src=\u00bbhttps:\/\/aikijujutsu.es\/wp-content\/uploads\/2025\/11\/Takeda_Sokaku.jpg\u00bb title_text=\u00bbTakeda_Sokaku\u00bb _builder_version=\u00bb4.27.4&#8243; _module_preset=\u00bbdefault\u00bb hover_enabled=\u00bb0&#8243; global_colors_info=\u00bb{}\u00bb force_fullwidth=\u00bbon\u00bb sticky_enabled=\u00bb0&#8243;][\/et_pb_image][\/et_pb_column][et_pb_column type=\u00bb3_5&#8243; _builder_version=\u00bb4.25.1&#8243; _module_preset=\u00bbdefault\u00bb global_colors_info=\u00bb{}\u00bb][et_pb_text _builder_version=\u00bb4.27.4&#8243; _module_preset=\u00bb2c55a9c4-feed-423b-9edb-ae0b5b365cac\u00bb global_colors_info=\u00bb{}\u00bb]<\/p>\n<p data-pm-slice=\"1 3 []\">El Daito Ryu es la escuela madre de casi todas las formas de Aiki conocidas hoy en d\u00eda, incluido el Aikido moderno. Aunque sus ra\u00edces se remontan al clan Aizu y a la familia Takeda, fue <strong>Takeda Sokaku<\/strong> quien lo abri\u00f3 al p\u00fablico, ense\u00f1ando a miles de estudiantes a lo largo de Jap\u00f3n.<\/p>\n<p>El Daito Ryu se caracteriza por un curr\u00edculo inmenso que abarca desde t\u00e9cnicas de control articular dolorosas (<em>Jujutsu<\/em>) hasta manipulaciones sutiles del equilibrio y la mente (<em>Aiki-no-jutsu<\/em>).<\/p>\n<p><strong>El Criterio de Autenticidad:<\/strong> Para que una escuela de Daito Ryu sea considerada leg\u00edtima hoy en d\u00eda, debe poder trazar su linaje maestro-disc\u00edpulo sin interrupciones hasta Sokaku Takeda. Ramas famosas y leg\u00edtimas incluyen:<\/p>\n<p>&nbsp;<\/p>\n<ul>\n<li>\n<p><strong>Mainline (Tokimune Takeda):<\/strong> Continuada hoy por el Daito Ryu Aikibudo.<\/p>\n<\/li>\n<li>\n<p><strong>Kodokai (Horikawa Kodo):<\/strong> Enfocada en el Aiki interno sutil.<\/p>\n<\/li>\n<li>\n<p><strong>Takumakai (Takuma Hisa):<\/strong> Que preserva la mayor cantidad t\u00e9cnica documentada.<\/p>\n<\/li>\n<li>\n<p><strong>Roppokai (Seigo Okamoto):<\/strong> Derivada del Kodokai, especializada en movimientos m\u00ednimos.<\/p>\n<\/li>\n<\/ul>\n<ul><\/ul>\n<p>[\/et_pb_text][\/et_pb_column][\/et_pb_row][\/et_pb_section][et_pb_section fb_built=\u00bb1&#8243; admin_label=\u00bbAbout\u00bb _builder_version=\u00bb4.25.1&#8243; _module_preset=\u00bbdefault\u00bb locked=\u00bboff\u00bb collapsed=\u00bbon\u00bb global_colors_info=\u00bb{}\u00bb][et_pb_row _builder_version=\u00bb4.25.1&#8243; _module_preset=\u00bbdefault\u00bb global_colors_info=\u00bb{}\u00bb][et_pb_column type=\u00bb4_4&#8243; _builder_version=\u00bb4.25.1&#8243; _module_preset=\u00bbdefault\u00bb global_colors_info=\u00bb{}\u00bb][et_pb_heading title=\u00bbYanagi Ryu Aiki Bugei (\u67f3\u6d41\u5408\u6c17\u6b66\u82b8)\u00bb _builder_version=\u00bb4.27.4&#8243; _module_preset=\u00bbc33f07d9-41e0-421a-8799-5799df695cce\u00bb title_text_align=\u00bbcenter\u00bb global_colors_info=\u00bb{}\u00bb][\/et_pb_heading][\/et_pb_column][\/et_pb_row][et_pb_row column_structure=\u00bb3_5,2_5&#8243; _builder_version=\u00bb4.25.1&#8243; _module_preset=\u00bbdefault\u00bb global_colors_info=\u00bb{}\u00bb][et_pb_column type=\u00bb3_5&#8243; _builder_version=\u00bb4.25.1&#8243; _module_preset=\u00bbdefault\u00bb global_colors_info=\u00bb{}\u00bb][et_pb_text _builder_version=\u00bb4.25.1&#8243; _module_preset=\u00bb2c55a9c4-feed-423b-9edb-ae0b5b365cac\u00bb global_colors_info=\u00bb{}\u00bb]<\/p>\n<p data-pm-slice=\"1 1 []\">Esta es la segunda l\u00ednea leg\u00edtima, mucho menos conocida pero igualmente aut\u00e9ntica. Proviene de <strong>Yoshida Kotaro<\/strong> (1883-1966), uno de los estudiantes m\u00e1s capacitados y temidos de Takeda Sokaku. Yoshida recibi\u00f3 el <em>Kyoju Dairi<\/em> (licencia de instructor representativo) de manos de Takeda.<\/p>\n<p>Yoshida Kotaro transmiti\u00f3 su arte a un joven americano, <strong>Don Angier<\/strong> (1933-2014), quien se convirti\u00f3 en el <em>Soke<\/em> (cabeza de familia) de la <strong>Yanagi Ryu Aiki Bugei<\/strong>.<\/p>\n<p><strong>El Criterio de Autenticidad:<\/strong> Al igual que en Daito Ryu, la legitimidad aqu\u00ed reside en la transmisi\u00f3n directa. Las escuela actualmente se encuentra dirigida por el <em>Soke<\/em> <strong>Jeremy Breazeale<\/strong>, heredero de Don Angier, quien es el custodio de un Aiki extremadamente refinado, a menudo caracterizado por una suavidad enga\u00f1osa y una precisi\u00f3n quir\u00fargica que difiere estil\u00edsticamente del Daito Ryu principal, pero comparte la misma ra\u00edz mec\u00e1nica.<\/p>\n<p>[\/et_pb_text][\/et_pb_column][et_pb_column type=\u00bb2_5&#8243; _builder_version=\u00bb4.25.1&#8243; _module_preset=\u00bbdefault\u00bb global_colors_info=\u00bb{}\u00bb][et_pb_image src=\u00bbhttps:\/\/aikijujutsu.es\/wp-content\/uploads\/2025\/11\/yoshida-kotaro.jpeg\u00bb title_text=\u00bbyoshida kotaro\u00bb _builder_version=\u00bb4.27.4&#8243; _module_preset=\u00bbdefault\u00bb hover_enabled=\u00bb0&#8243; global_colors_info=\u00bb{}\u00bb force_fullwidth=\u00bbon\u00bb sticky_enabled=\u00bb0&#8243;][\/et_pb_image][\/et_pb_column][\/et_pb_row][\/et_pb_section][et_pb_section fb_built=\u00bb1&#8243; admin_label=\u00bbAbout\u00bb _builder_version=\u00bb4.25.1&#8243; _module_preset=\u00bbdefault\u00bb locked=\u00bboff\u00bb collapsed=\u00bbon\u00bb global_colors_info=\u00bb{}\u00bb][et_pb_row _builder_version=\u00bb4.25.1&#8243; _module_preset=\u00bbdefault\u00bb global_colors_info=\u00bb{}\u00bb][et_pb_column type=\u00bb4_4&#8243; _builder_version=\u00bb4.25.1&#8243; _module_preset=\u00bbdefault\u00bb global_colors_info=\u00bb{}\u00bb][et_pb_heading title=\u00bbLo que NO es Aikijujutsu: La Falacia de la Mezcla\u00bb _builder_version=\u00bb4.27.4&#8243; _module_preset=\u00bbc33f07d9-41e0-421a-8799-5799df695cce\u00bb title_text_align=\u00bbcenter\u00bb global_colors_info=\u00bb{}\u00bb][\/et_pb_heading][\/et_pb_column][\/et_pb_row][et_pb_row _builder_version=\u00bb4.25.1&#8243; _module_preset=\u00bbdefault\u00bb global_colors_info=\u00bb{}\u00bb][et_pb_column type=\u00bb4_4&#8243; _builder_version=\u00bb4.25.1&#8243; _module_preset=\u00bbdefault\u00bb global_colors_info=\u00bb{}\u00bb][et_pb_text _builder_version=\u00bb4.27.4&#8243; _module_preset=\u00bb2c55a9c4-feed-423b-9edb-ae0b5b365cac\u00bb global_colors_info=\u00bb{}\u00bb]<\/p>\n<p data-pm-slice=\"1 1 []\">En las \u00faltimas d\u00e9cadas, han surgido numerosas escuelas occidentales que se autodenominan \u00abAikijujutsu\u00bb sin tener conexi\u00f3n alguna con Takeda o Yoshida. Es imperativo aclarar este punto:<\/p>\n<p><strong>La F\u00f3rmula \u00abAikido + Golpes\u00bb:<\/strong> Muchos practicantes de Aikido moderno, sintiendo que su arte carec\u00eda de contundencia marcial, decidieron \u00abreforzarlo\u00bb a\u00f1adiendo pu\u00f1etazos de Karate o proyecciones de Judo. Aunque esto puede resultar en un sistema de defensa personal efectivo, <strong>no es Aikijujutsu<\/strong>. El Aikijujutsu no es una suma de partes externas; es un sistema coherente con una mec\u00e1nica interna propia que no requiere \u00abparches\u00bb de otras artes.<\/p>\n<p><strong>El Caso de Yoseikan y Mochizuki:<\/strong> El maestro <strong>Minoru Mochizuki<\/strong> fue un genio del Budo que entren\u00f3 con Ueshiba Morihei (Daito Ryu\/Aikido), Kano Jigoro (Judo) y Funakoshi Gichin (Karate). Cre\u00f3 su propio sistema, el <em>Yoseikan<\/em>. Es importante notar que Mochizuki, con honestidad intelectual, sol\u00eda referirse a su arte como <strong>Aikido-Jujutsu<\/strong> o <em>Yoseikan Budo<\/em>. \u00c9l reconoc\u00eda que era una construcci\u00f3n moderna (Gendai Budo) basada en su experiencia mixta. Aunque respetable y formidable, su enfoque difiere del Aikijujutsu tradicional (Koryu) que busca la pureza de la transmisi\u00f3n del Aiki sin influencias externas.<\/p>\n<p>[\/et_pb_text][\/et_pb_column][\/et_pb_row][\/et_pb_section][et_pb_section fb_built=\u00bb1&#8243; admin_label=\u00bbAbout\u00bb _builder_version=\u00bb4.25.1&#8243; _module_preset=\u00bbdefault\u00bb locked=\u00bboff\u00bb collapsed=\u00bbon\u00bb global_colors_info=\u00bb{}\u00bb][et_pb_row _builder_version=\u00bb4.25.1&#8243; _module_preset=\u00bbdefault\u00bb global_colors_info=\u00bb{}\u00bb][et_pb_column type=\u00bb4_4&#8243; _builder_version=\u00bb4.25.1&#8243; _module_preset=\u00bbdefault\u00bb global_colors_info=\u00bb{}\u00bb][et_pb_heading title=\u00bbConclusi\u00f3n\u00bb _builder_version=\u00bb4.27.4&#8243; _module_preset=\u00bbc33f07d9-41e0-421a-8799-5799df695cce\u00bb title_text_align=\u00bbcenter\u00bb global_colors_info=\u00bb{}\u00bb][\/et_pb_heading][\/et_pb_column][\/et_pb_row][et_pb_row _builder_version=\u00bb4.25.1&#8243; _module_preset=\u00bbdefault\u00bb global_colors_info=\u00bb{}\u00bb][et_pb_column type=\u00bb4_4&#8243; _builder_version=\u00bb4.25.1&#8243; _module_preset=\u00bbdefault\u00bb global_colors_info=\u00bb{}\u00bb][et_pb_text _builder_version=\u00bb4.27.4&#8243; _module_preset=\u00bb2c55a9c4-feed-423b-9edb-ae0b5b365cac\u00bb global_colors_info=\u00bb{}\u00bb]<\/p>\n<p data-pm-slice=\"1 1 []\">La autenticidad no es una cuesti\u00f3n de elitismo, sino de honestidad hist\u00f3rica. Si una escuela afirma ense\u00f1ar Aikijujutsu, la pregunta inmediata debe ser: <strong>\u00bfCu\u00e1l es su conexi\u00f3n con Takeda Sokaku o Yoshida Kotaro?<\/strong> Si la respuesta es vaga, ambigua o inexistente, no es Aikijujutsu.<\/p>\n<p>[\/et_pb_text][\/et_pb_column][\/et_pb_row][\/et_pb_section]<\/p>\n","protected":false},"excerpt":{"rendered":"<p>El Aikijujutsu (\u5408\u6c17\u67d4\u8853) no es un arte marcial abierto a la libre interpretaci\u00f3n ni a la fusi\u00f3n de estilos modernos. Para quienes buscan la autenticidad, la historia y la genealog\u00eda de la escuela son inseparables de su t\u00e9cnica. Esta secci\u00f3n establece el criterio fundamental: el Aikijujutsu es, por definici\u00f3n, una Koryu Budo (escuela antigua) cuyos [&hellip;]<\/p>\n","protected":false},"author":1,"featured_media":0,"parent":0,"menu_order":0,"comment_status":"closed","ping_status":"closed","template":"","meta":{"_et_pb_use_builder":"on","_et_pb_old_content":"","_et_gb_content_width":"","footnotes":""},"class_list":["post-69","page","type-page","status-publish","hentry"],"_links":{"self":[{"href":"https:\/\/aikijujutsu.es\/index.php\/wp-json\/wp\/v2\/pages\/69","targetHints":{"allow":["GET"]}}],"collection":[{"href":"https:\/\/aikijujutsu.es\/index.php\/wp-json\/wp\/v2\/pages"}],"about":[{"href":"https:\/\/aikijujutsu.es\/index.php\/wp-json\/wp\/v2\/types\/page"}],"author":[{"embeddable":true,"href":"https:\/\/aikijujutsu.es\/index.php\/wp-json\/wp\/v2\/users\/1"}],"replies":[{"embeddable":true,"href":"https:\/\/aikijujutsu.es\/index.php\/wp-json\/wp\/v2\/comments?post=69"}],"version-history":[{"count":4,"href":"https:\/\/aikijujutsu.es\/index.php\/wp-json\/wp\/v2\/pages\/69\/revisions"}],"predecessor-version":[{"id":136,"href":"https:\/\/aikijujutsu.es\/index.php\/wp-json\/wp\/v2\/pages\/69\/revisions\/136"}],"wp:attachment":[{"href":"https:\/\/aikijujutsu.es\/index.php\/wp-json\/wp\/v2\/media?parent=69"}],"curies":[{"name":"wp","href":"https:\/\/api.w.org\/{rel}","templated":true}]}}