{"id":95,"date":"2025-11-27T15:50:21","date_gmt":"2025-11-27T15:50:21","guid":{"rendered":"https:\/\/aikijujutsu.es\/?page_id=95"},"modified":"2025-11-27T18:29:43","modified_gmt":"2025-11-27T18:29:43","slug":"niveles-del-arte","status":"publish","type":"page","link":"https:\/\/aikijujutsu.es\/index.php\/niveles-del-arte\/","title":{"rendered":"Niveles del Arte"},"content":{"rendered":"<p>[et_pb_section fb_built=\u00bb1&#8243; admin_label=\u00bbHero\u00bb _builder_version=\u00bb4.27.4&#8243; _module_preset=\u00bbdefault\u00bb use_background_color_gradient=\u00bbon\u00bb background_color_gradient_direction=\u00bb148deg\u00bb background_color_gradient_stops=\u00bb#ffffff 50%|rgba(255,255,255,0.85) 75%|rgba(255,255,255,0.36) 100%\u00bb background_color_gradient_overlays_image=\u00bbon\u00bb background_color_gradient_start=\u00bbrgba(0,0,0,0.5)\u00bb background_color_gradient_end=\u00bbrgba(0,0,0,0.75)\u00bb background_image=\u00bbhttps:\/\/aikijujutsu.es\/wp-content\/uploads\/2025\/10\/samurai-banner.jpg\u00bb custom_padding=\u00bb||||false|false\u00bb locked=\u00bboff\u00bb collapsed=\u00bbon\u00bb global_colors_info=\u00bb{}\u00bb][et_pb_row column_structure=\u00bb1_2,1_2&#8243; _builder_version=\u00bb4.24.2&#8243; _module_preset=\u00bb5138c454-be54-4233-bd3b-f8e6a8747976&#8243; locked=\u00bboff\u00bb global_colors_info=\u00bb{}\u00bb][et_pb_column type=\u00bb1_2&#8243; _builder_version=\u00bb4.23.1&#8243; _module_preset=\u00bb73121f80-a3ef-4484-8763-c3f18e3c56d2&#8243; global_colors_info=\u00bb{}\u00bb][et_pb_heading title=\u00bbDescubre el Aikij\u016bjutsu en Espa\u00f1a\u00bb _builder_version=\u00bb4.24.2&#8243; _module_preset=\u00bbf0c675ea-2574-4d0e-b725-30f8550a8550&#8243; title_text_color=\u00bbgcid-primary-color\u00bb locked=\u00bboff\u00bb global_colors_info=\u00bb{%22gcid-primary-color%22:%91%22title_text_color%22%93}\u00bb][\/et_pb_heading][et_pb_heading title=\u00bbNiveles del Arte: La Progresi\u00f3n del Budo\u00bb _builder_version=\u00bb4.24.2&#8243; _module_preset=\u00bbddeb8c09-9078-4424-bc15-2efb6572e28e\u00bb locked=\u00bboff\u00bb global_colors_info=\u00bb{}\u00bb][\/et_pb_heading][et_pb_text _builder_version=\u00bb4.24.2&#8243; _module_preset=\u00bb2c55a9c4-feed-423b-9edb-ae0b5b365cac\u00bb locked=\u00bboff\u00bb global_colors_info=\u00bb{}\u00bb]<\/p>\n<p data-pm-slice=\"1 1 []\">Dentro de las escuelas que preservan el Aikijujutsu aut\u00e9ntico, la pr\u00e1ctica se concibe como un camino de desarrollo gradual, donde la fuerza f\u00edsica es progresivamente reemplazada por la manipulaci\u00f3n estructural y, finalmente, por los principios del <em>Aiki<\/em>. Esta progresi\u00f3n se articula en tres dominios interconectados que definen la profundidad de la maestr\u00eda alcanzada.<\/p>\n<p>&nbsp;<\/p>\n<p>[\/et_pb_text][\/et_pb_column][et_pb_column type=\u00bb1_2&#8243; _builder_version=\u00bb4.23.1&#8243; _module_preset=\u00bb73121f80-a3ef-4484-8763-c3f18e3c56d2&#8243; global_colors_info=\u00bb{}\u00bb][\/et_pb_column][\/et_pb_row][\/et_pb_section][et_pb_section fb_built=\u00bb1&#8243; admin_label=\u00bbAbout\u00bb _builder_version=\u00bb4.25.1&#8243; _module_preset=\u00bbdefault\u00bb locked=\u00bboff\u00bb collapsed=\u00bbon\u00bb global_colors_info=\u00bb{}\u00bb][et_pb_row _builder_version=\u00bb4.25.1&#8243; _module_preset=\u00bbdefault\u00bb global_colors_info=\u00bb{}\u00bb][et_pb_column type=\u00bb4_4&#8243; _builder_version=\u00bb4.25.1&#8243; _module_preset=\u00bbdefault\u00bb global_colors_info=\u00bb{}\u00bb][et_pb_heading title=\u00bbJujutsu, Aikijujutsu y Aiki-no-jutsu\u00bb _builder_version=\u00bb4.27.4&#8243; _module_preset=\u00bbc33f07d9-41e0-421a-8799-5799df695cce\u00bb title_text_align=\u00bbcenter\u00bb global_colors_info=\u00bb{}\u00bb][\/et_pb_heading][\/et_pb_column][\/et_pb_row][et_pb_row _builder_version=\u00bb4.25.1&#8243; _module_preset=\u00bbdefault\u00bb global_colors_info=\u00bb{}\u00bb][et_pb_column type=\u00bb4_4&#8243; _builder_version=\u00bb4.25.1&#8243; _module_preset=\u00bbdefault\u00bb global_colors_info=\u00bb{}\u00bb][et_pb_text _builder_version=\u00bb4.25.1&#8243; _module_preset=\u00bb2c55a9c4-feed-423b-9edb-ae0b5b365cac\u00bb global_colors_info=\u00bb{}\u00bb]<\/p>\n<p data-pm-slice=\"1 1 []\">El curr\u00edculo del Aikijujutsu aut\u00e9ntico no es monol\u00edtico. Representa una progresi\u00f3n t\u00e9cnica y mental que va desde lo puramente f\u00edsico hasta lo imperceptible. Dentro de las escuelas tradicionales (principalmente Daito Ryu), el entrenamiento se divide conceptualmente en tres fases o focos de estudio que definen la profundidad de la t\u00e9cnica aplicada.<\/p>\n<p>[\/et_pb_text][\/et_pb_column][\/et_pb_row][\/et_pb_section][et_pb_section fb_built=\u00bb1&#8243; admin_label=\u00bbAbout\u00bb _builder_version=\u00bb4.25.1&#8243; _module_preset=\u00bbdefault\u00bb locked=\u00bboff\u00bb collapsed=\u00bbon\u00bb global_colors_info=\u00bb{}\u00bb][et_pb_row _builder_version=\u00bb4.25.1&#8243; _module_preset=\u00bbdefault\u00bb global_colors_info=\u00bb{}\u00bb][et_pb_column type=\u00bb4_4&#8243; _builder_version=\u00bb4.25.1&#8243; _module_preset=\u00bbdefault\u00bb global_colors_info=\u00bb{}\u00bb][et_pb_heading title=\u00bbJujutsu (\u67d4\u8853)\u00bb _builder_version=\u00bb4.27.4&#8243; _module_preset=\u00bbc33f07d9-41e0-421a-8799-5799df695cce\u00bb title_text_align=\u00bbcenter\u00bb global_colors_info=\u00bb{}\u00bb][\/et_pb_heading][\/et_pb_column][\/et_pb_row][et_pb_row column_structure=\u00bb3_5,2_5&#8243; _builder_version=\u00bb4.25.1&#8243; _module_preset=\u00bbdefault\u00bb global_colors_info=\u00bb{}\u00bb][et_pb_column type=\u00bb3_5&#8243; _builder_version=\u00bb4.25.1&#8243; _module_preset=\u00bbdefault\u00bb global_colors_info=\u00bb{}\u00bb][et_pb_image src=\u00bbhttps:\/\/aikijujutsu.es\/wp-content\/uploads\/2025\/11\/ganseki-otoshi.jpg\u00bb title_text=\u00bbganseki-otoshi\u00bb _builder_version=\u00bb4.27.4&#8243; _module_preset=\u00bbdefault\u00bb hover_enabled=\u00bb0&#8243; global_colors_info=\u00bb{}\u00bb sticky_enabled=\u00bb0&#8243;][\/et_pb_image][\/et_pb_column][et_pb_column type=\u00bb2_5&#8243; _builder_version=\u00bb4.25.1&#8243; _module_preset=\u00bbdefault\u00bb global_colors_info=\u00bb{}\u00bb][et_pb_text _builder_version=\u00bb4.27.4&#8243; _module_preset=\u00bb2c55a9c4-feed-423b-9edb-ae0b5b365cac\u00bb global_colors_info=\u00bb{}\u00bb]<\/p>\n<p data-pm-slice=\"1 3 []\">El <strong>Jujutsu<\/strong> representa la capa m\u00e1s tangible del arte. Se centra en las t\u00e9cnicas de combate sin armas m\u00e1s directas y f\u00edsicas.<\/p>\n<p data-pm-slice=\"1 3 []\">\n<ul>\n<li>\n<p><strong>Enfoque:<\/strong> Palancas articulares (<em>kansetsu waza<\/em>), estrangulaciones (<em>shime waza<\/em>), proyecciones directas (<em>nage waza<\/em>) y atrapes.<\/p>\n<\/li>\n<li>\n<p><strong>Mec\u00e1nica:<\/strong> Uso de la fuerza corporal coordinada, la masa, el agarre y la manipulaci\u00f3n de las articulaciones del oponente en su punto m\u00e1s d\u00e9bil.<\/p>\n<\/li>\n<li>\n<p><strong>Prop\u00f3sito:<\/strong> Es la base para desarrollar la estructura corporal adecuada y el <em>Kuzushi<\/em> (desequilibrio) f\u00edsico antes de introducir los principios del Aiki. Muchas l\u00edneas de Daito Ryu dan un gran \u00e9nfasis a este nivel.<\/p>\n<\/li>\n<\/ul>\n<p>[\/et_pb_text][\/et_pb_column][\/et_pb_row][\/et_pb_section][et_pb_section fb_built=\u00bb1&#8243; admin_label=\u00bbAbout\u00bb _builder_version=\u00bb4.25.1&#8243; _module_preset=\u00bbdefault\u00bb locked=\u00bboff\u00bb collapsed=\u00bbon\u00bb global_colors_info=\u00bb{}\u00bb][et_pb_row _builder_version=\u00bb4.25.1&#8243; _module_preset=\u00bbdefault\u00bb global_colors_info=\u00bb{}\u00bb][et_pb_column type=\u00bb4_4&#8243; _builder_version=\u00bb4.25.1&#8243; _module_preset=\u00bbdefault\u00bb global_colors_info=\u00bb{}\u00bb][et_pb_heading title=\u00bbAikijujutsu (\u5408\u6c17\u67d4\u8853)\u00bb _builder_version=\u00bb4.27.4&#8243; _module_preset=\u00bbc33f07d9-41e0-421a-8799-5799df695cce\u00bb title_text_align=\u00bbcenter\u00bb global_colors_info=\u00bb{}\u00bb][\/et_pb_heading][\/et_pb_column][\/et_pb_row][et_pb_row column_structure=\u00bb2_5,3_5&#8243; _builder_version=\u00bb4.25.1&#8243; _module_preset=\u00bbdefault\u00bb global_colors_info=\u00bb{}\u00bb][et_pb_column type=\u00bb2_5&#8243; _builder_version=\u00bb4.25.1&#8243; _module_preset=\u00bbdefault\u00bb global_colors_info=\u00bb{}\u00bb][et_pb_text _builder_version=\u00bb4.25.1&#8243; _module_preset=\u00bb2c55a9c4-feed-423b-9edb-ae0b5b365cac\u00bb global_colors_info=\u00bb{}\u00bb]<\/p>\n<p data-pm-slice=\"1 3 []\">El <strong>Aikijujutsu<\/strong> es la disciplina que da nombre a todo el arte. Representa el punto donde el <em>Jujutsu<\/em> (t\u00e9cnica f\u00edsica) se fusiona con el <em>Aiki<\/em> (la armonizaci\u00f3n y control de la energ\u00eda\/intenci\u00f3n).<\/p>\n<p data-pm-slice=\"1 3 []\">\n<ul>\n<li>\n<p><strong>Enfoque:<\/strong> Neutralizar el ataque y la resistencia del oponente en el instante exacto del contacto, antes de que su fuerza se manifieste plenamente.<\/p>\n<\/li>\n<li>\n<p><strong>Mec\u00e1nica:<\/strong> Utiliza el movimiento y la intenci\u00f3n del atacante en su contra, aplicando <em>Aiki<\/em> para colapsar su estructura o anular su centro de gravedad de manera instant\u00e1nea, seguido de una t\u00e9cnica de Jujutsu o proyecci\u00f3n. Es un arte de <em>Musubi<\/em> (uni\u00f3n).<\/p>\n<\/li>\n<li>\n<p><strong>Distinci\u00f3n:<\/strong> A diferencia del Jujutsu puro, requiere menos esfuerzo f\u00edsico porque el oponente ya ha sido desestructurado por el Aiki antes de la aplicaci\u00f3n de la palanca.<\/p>\n<\/li>\n<\/ul>\n<p>[\/et_pb_text][\/et_pb_column][et_pb_column type=\u00bb3_5&#8243; _builder_version=\u00bb4.25.1&#8243; _module_preset=\u00bbdefault\u00bb global_colors_info=\u00bb{}\u00bb][et_pb_image src=\u00bbhttps:\/\/aikijujutsu.es\/wp-content\/uploads\/2025\/11\/Daito-ryu-Aikijujutsu-Takumakai.jpg\u00bb title_text=\u00bbDaito-ryu-Aikijujutsu-Takumakai\u00bb _builder_version=\u00bb4.27.4&#8243; _module_preset=\u00bbdefault\u00bb hover_enabled=\u00bb0&#8243; global_colors_info=\u00bb{}\u00bb sticky_enabled=\u00bb0&#8243;][\/et_pb_image][\/et_pb_column][\/et_pb_row][\/et_pb_section][et_pb_section fb_built=\u00bb1&#8243; admin_label=\u00bbAbout\u00bb _builder_version=\u00bb4.25.1&#8243; _module_preset=\u00bbdefault\u00bb locked=\u00bboff\u00bb collapsed=\u00bbon\u00bb global_colors_info=\u00bb{}\u00bb][et_pb_row _builder_version=\u00bb4.25.1&#8243; _module_preset=\u00bbdefault\u00bb global_colors_info=\u00bb{}\u00bb][et_pb_column type=\u00bb4_4&#8243; _builder_version=\u00bb4.25.1&#8243; _module_preset=\u00bbdefault\u00bb global_colors_info=\u00bb{}\u00bb][et_pb_heading title=\u00bbAiki-no-jutsu (\u5408\u6c17\u306e\u8853)\u00bb _builder_version=\u00bb4.27.4&#8243; _module_preset=\u00bbc33f07d9-41e0-421a-8799-5799df695cce\u00bb title_text_align=\u00bbcenter\u00bb global_colors_info=\u00bb{}\u00bb][\/et_pb_heading][\/et_pb_column][\/et_pb_row][et_pb_row column_structure=\u00bb3_5,2_5&#8243; _builder_version=\u00bb4.25.1&#8243; _module_preset=\u00bbdefault\u00bb global_colors_info=\u00bb{}\u00bb][et_pb_column type=\u00bb3_5&#8243; _builder_version=\u00bb4.25.1&#8243; _module_preset=\u00bbdefault\u00bb global_colors_info=\u00bb{}\u00bb][et_pb_image src=\u00bbhttps:\/\/aikijujutsu.es\/wp-content\/uploads\/2025\/11\/nishikido-horikawa.jpg\u00bb title_text=\u00bbnishikido-horikawa\u00bb _builder_version=\u00bb4.27.4&#8243; _module_preset=\u00bbdefault\u00bb hover_enabled=\u00bb0&#8243; global_colors_info=\u00bb{}\u00bb sticky_enabled=\u00bb0&#8243;][\/et_pb_image][\/et_pb_column][et_pb_column type=\u00bb2_5&#8243; _builder_version=\u00bb4.25.1&#8243; _module_preset=\u00bbdefault\u00bb global_colors_info=\u00bb{}\u00bb][et_pb_text _builder_version=\u00bb4.27.4&#8243; _module_preset=\u00bb2c55a9c4-feed-423b-9edb-ae0b5b365cac\u00bb global_colors_info=\u00bb{}\u00bb]<\/p>\n<p data-pm-slice=\"1 3 []\">Este es el nivel m\u00e1s avanzado y sutil, que a menudo se estudia al final de una larga progresi\u00f3n, aunque algunas escuelas lo introducen desde el principio. Es la raz\u00f3n por la que el Aikijujutsu puede ser, de hecho, <strong>mucho m\u00e1s blando y delicado que el Aikido moderno<\/strong>.<\/p>\n<p data-pm-slice=\"1 3 []\">\n<ul>\n<li>\n<p><strong>Enfoque:<\/strong> Control total de la intenci\u00f3n y la estructura del oponente con el m\u00ednimo movimiento observable.<\/p>\n<\/li>\n<li>\n<p><strong>Mec\u00e1nica:<\/strong> Utiliza el <em>Aiki<\/em> como motor principal, desestructurando al atacante a trav\u00e9s de la conexi\u00f3n interna y la correcta aplicaci\u00f3n de la fuerza desde el <em>Tanden<\/em> (centro de gravedad). Las t\u00e9cnicas no se ven; se sienten como un vac\u00edo o un colapso inexplicable.<\/p>\n<\/li>\n<li>\n<p><strong>La Delicadeza:<\/strong> El Aiki-no-jutsu es tan refinado que puede aplicarse sin dolor ni impacto, resultando en una anulaci\u00f3n absoluta de la capacidad de lucha del oponente mediante la rendici\u00f3n de su propio cuerpo.<\/p>\n<\/li>\n<\/ul>\n<p>[\/et_pb_text][\/et_pb_column][\/et_pb_row][\/et_pb_section][et_pb_section fb_built=\u00bb1&#8243; admin_label=\u00bbAbout\u00bb _builder_version=\u00bb4.25.1&#8243; _module_preset=\u00bbdefault\u00bb locked=\u00bboff\u00bb collapsed=\u00bbon\u00bb global_colors_info=\u00bb{}\u00bb][et_pb_row _builder_version=\u00bb4.25.1&#8243; _module_preset=\u00bbdefault\u00bb global_colors_info=\u00bb{}\u00bb][et_pb_column type=\u00bb4_4&#8243; _builder_version=\u00bb4.25.1&#8243; _module_preset=\u00bbdefault\u00bb global_colors_info=\u00bb{}\u00bb][et_pb_heading title=\u00bbEscuelas centradas en el Aiki Puro\u00bb _builder_version=\u00bb4.27.4&#8243; _module_preset=\u00bbc33f07d9-41e0-421a-8799-5799df695cce\u00bb title_text_align=\u00bbcenter\u00bb global_colors_info=\u00bb{}\u00bb][\/et_pb_heading][\/et_pb_column][\/et_pb_row][et_pb_row _builder_version=\u00bb4.25.1&#8243; _module_preset=\u00bbdefault\u00bb global_colors_info=\u00bb{}\u00bb][et_pb_column type=\u00bb4_4&#8243; _builder_version=\u00bb4.25.1&#8243; _module_preset=\u00bbdefault\u00bb global_colors_info=\u00bb{}\u00bb][et_pb_text _builder_version=\u00bb4.27.4&#8243; _module_preset=\u00bb2c55a9c4-feed-423b-9edb-ae0b5b365cac\u00bb global_colors_info=\u00bb{}\u00bb]<\/p>\n<p data-pm-slice=\"1 3 []\">Ciertas ramas de Daito Ryu se han especializado en la preservaci\u00f3n y ense\u00f1anza temprana del <em>Aiki-no-jutsu<\/em>, siendo internacionalmente reconocidas por la pureza de su trabajo interno:<\/p>\n<p data-pm-slice=\"1 3 []\">\n<ul>\n<li>\n<p><strong>Kodokai (Horikawa Kodo):<\/strong> Enfatiza el control de la respiraci\u00f3n y el Aiki sutil a corta distancia.<\/p>\n<\/li>\n<li>\n<p><strong>Roppokai (Okamoto Seigo):<\/strong> Extremadamente sutil, famoso por t\u00e9cnicas que desarman o proyectan al oponente con movimientos casi invisibles.<\/p>\n<\/li>\n<li>\n<p><strong>Mudenjuku (Iida Hiroo):<\/strong> Directamente conectado con Horikawa Sensei, el Mudenjuku se enfoca en el desarrollo del Aiki desde el d\u00eda uno, buscando alcanzar el <em>Aiki<\/em> inmediato en el toque.<\/p>\n<\/li>\n<\/ul>\n<p>[\/et_pb_text][\/et_pb_column][\/et_pb_row][\/et_pb_section]<\/p>\n","protected":false},"excerpt":{"rendered":"<p>Dentro de las escuelas que preservan el Aikijujutsu aut\u00e9ntico, la pr\u00e1ctica se concibe como un camino de desarrollo gradual, donde la fuerza f\u00edsica es progresivamente reemplazada por la manipulaci\u00f3n estructural y, finalmente, por los principios del Aiki. Esta progresi\u00f3n se articula en tres dominios interconectados que definen la profundidad de la maestr\u00eda alcanzada. &nbsp;El curr\u00edculo [&hellip;]<\/p>\n","protected":false},"author":1,"featured_media":0,"parent":0,"menu_order":0,"comment_status":"closed","ping_status":"closed","template":"","meta":{"_et_pb_use_builder":"on","_et_pb_old_content":"","_et_gb_content_width":"","footnotes":""},"class_list":["post-95","page","type-page","status-publish","hentry"],"_links":{"self":[{"href":"https:\/\/aikijujutsu.es\/index.php\/wp-json\/wp\/v2\/pages\/95","targetHints":{"allow":["GET"]}}],"collection":[{"href":"https:\/\/aikijujutsu.es\/index.php\/wp-json\/wp\/v2\/pages"}],"about":[{"href":"https:\/\/aikijujutsu.es\/index.php\/wp-json\/wp\/v2\/types\/page"}],"author":[{"embeddable":true,"href":"https:\/\/aikijujutsu.es\/index.php\/wp-json\/wp\/v2\/users\/1"}],"replies":[{"embeddable":true,"href":"https:\/\/aikijujutsu.es\/index.php\/wp-json\/wp\/v2\/comments?post=95"}],"version-history":[{"count":5,"href":"https:\/\/aikijujutsu.es\/index.php\/wp-json\/wp\/v2\/pages\/95\/revisions"}],"predecessor-version":[{"id":143,"href":"https:\/\/aikijujutsu.es\/index.php\/wp-json\/wp\/v2\/pages\/95\/revisions\/143"}],"wp:attachment":[{"href":"https:\/\/aikijujutsu.es\/index.php\/wp-json\/wp\/v2\/media?parent=95"}],"curies":[{"name":"wp","href":"https:\/\/api.w.org\/{rel}","templated":true}]}}